{"id":12583,"date":"2022-04-10T15:29:26","date_gmt":"2022-04-10T15:29:26","guid":{"rendered":"https:\/\/autogalerie-bayern.de\/?page_id=12583"},"modified":"2022-04-10T16:03:32","modified_gmt":"2022-04-10T16:03:32","slug":"garantie","status":"publish","type":"page","link":"https:\/\/autogalerie-bayern.de\/index.php\/garantie\/","title":{"rendered":"Garantie"},"content":{"rendered":"\t\t<div data-elementor-type=\"wp-page\" data-elementor-id=\"12583\" class=\"elementor elementor-12583\">\n\t\t\t\t\t\t\t\t\t<section class=\"elementor-section elementor-top-section elementor-element elementor-element-6e03 elementor-section-stretched elementor-section-boxed elementor-section-height-default elementor-section-height-default\" data-id=\"6e03\" data-element_type=\"section\" data-settings=\"{&quot;stretch_section&quot;:&quot;section-stretched&quot;}\">\n\t\t\t\t\t\t<div class=\"elementor-container elementor-column-gap-default\">\n\t\t\t\t\t<div class=\"elementor-column elementor-col-100 elementor-top-column elementor-element elementor-element-4eb2\" data-id=\"4eb2\" data-element_type=\"column\">\n\t\t\t<div class=\"elementor-widget-wrap elementor-element-populated\">\n\t\t\t\t\t\t\t\t<div class=\"elementor-element elementor-element-4e5a elementor-widget elementor-widget-cdhl_section-title\" data-id=\"4e5a\" data-element_type=\"widget\" data-widget_type=\"cdhl_section-title.default\">\n\t\t\t\t<div class=\"elementor-widget-container\">\n\t\t\t<div class=\"cdhl_section-title_wrapper\">\n\t<div class=\"section-title text-center style_1\" id=\"4e5a\">\n\t\t\t<span class=\"sub-title\"><\/span>\n\t\t<h2 class=\"main-title\">\n\t\t\t \t\t<\/h2>\n\t\t\t\t\t<div class=\"separator\"><\/div>\n\t\t\t\t\t\t<p>F\u00fcr unerwartere Reparaturkosten beantragen Sie 1 bis 2 Jahre Garantie.<\/p>\n\t\t\t\t<\/div>\n<\/div>\n\t\t<\/div>\n\t\t\t\t<\/div>\n\t\t\t\t<section class=\"elementor-section elementor-inner-section elementor-element elementor-element-18bd elementor-section-boxed elementor-section-height-default elementor-section-height-default\" data-id=\"18bd\" data-element_type=\"section\">\n\t\t\t\t\t\t<div class=\"elementor-container elementor-column-gap-default\">\n\t\t\t\t\t<div class=\"elementor-column elementor-col-50 elementor-inner-column elementor-element elementor-element-5d68\" data-id=\"5d68\" data-element_type=\"column\">\n\t\t\t<div class=\"elementor-widget-wrap elementor-element-populated\">\n\t\t\t\t\t\t\t\t<div class=\"elementor-element elementor-element-788b elementor-widget elementor-widget-cdhl_image-slider\" data-id=\"788b\" data-element_type=\"widget\" data-widget_type=\"cdhl_image-slider.default\">\n\t\t\t\t<div class=\"elementor-widget-container\">\n\t\t\t<div class=\"cdhl_image-slider_wrapper\">\n\t<div class=\"owl-carousel\" data-nav-arrow=\"true\" data-nav-dots=\"false\" data-autoplay=\"true\" data-lazyload=\"\" data-loop=\"true\" data-items=\"1\" data-md-items=\"1\" data-sm-items=\"1\" data-xs-items=\"1\" >\n\t\t\t\t\t<div class=\"item\">\n\t\t\t\t\t\t\t\t\t<img decoding=\"async\" class=\"center-block\" src=\"\" alt=\"\">\n\t\t\t\t\t\t\t\t<\/div>\n\t\t\t\t\t\t<div class=\"item\">\n\t\t\t\t\t\t\t\t\t<img decoding=\"async\" class=\"center-block\" src=\"\" alt=\"\">\n\t\t\t\t\t\t\t\t<\/div>\n\t\t\t\t\t\t<div class=\"item\">\n\t\t\t\t\t\t\t\t\t<img decoding=\"async\" class=\"center-block\" src=\"\" alt=\"\">\n\t\t\t\t\t\t\t\t<\/div>\n\t\t\t\t<\/div>\n<\/div>\n\t\t<\/div>\n\t\t\t\t<\/div>\n\t\t\t\t<div class=\"elementor-element elementor-element-da21eab elementor-widget elementor-widget-cdhl_image-slider\" data-id=\"da21eab\" data-element_type=\"widget\" data-widget_type=\"cdhl_image-slider.default\">\n\t\t\t\t<div class=\"elementor-widget-container\">\n\t\t\t<div class=\"cdhl_image-slider_wrapper\">\n\t<div class=\"owl-carousel\" data-nav-arrow=\"true\" data-nav-dots=\"false\" data-autoplay=\"true\" data-lazyload=\"\" data-loop=\"true\" data-items=\"1\" data-md-items=\"1\" data-sm-items=\"1\" data-xs-items=\"1\" >\n\t\t\t\t\t<div class=\"item\">\n\t\t\t\t\t\t\t\t\t<img decoding=\"async\" class=\"center-block\" src=\"https:\/\/autogalerie-bayern.de\/wp-content\/uploads\/2022\/04\/garantie.jpg\" alt=\"\">\n\t\t\t\t\t\t\t\t<\/div>\n\t\t\t\t\t\t<div class=\"item\">\n\t\t\t\t\t\t\t\t\t<img decoding=\"async\" class=\"center-block\" src=\"https:\/\/autogalerie-bayern.de\/wp-content\/uploads\/2022\/04\/garantieauto-1.jpg\" alt=\"\">\n\t\t\t\t\t\t\t\t<\/div>\n\t\t\t\t<\/div>\n<\/div>\n\t\t<\/div>\n\t\t\t\t<\/div>\n\t\t\t\t\t<\/div>\n\t\t<\/div>\n\t\t\t\t<div class=\"elementor-column elementor-col-50 elementor-inner-column elementor-element elementor-element-6814\" data-id=\"6814\" data-element_type=\"column\">\n\t\t\t<div class=\"elementor-widget-wrap elementor-element-populated\">\n\t\t\t\t\t\t\t\t<div class=\"elementor-element elementor-element-2581 elementor-widget elementor-widget-text-editor\" data-id=\"2581\" data-element_type=\"widget\" data-widget_type=\"text-editor.default\">\n\t\t\t\t<div class=\"elementor-widget-container\">\n\t\t\t<style>\/*! elementor - v3.6.2 - 04-04-2022 *\/\n.elementor-widget-text-editor.elementor-drop-cap-view-stacked .elementor-drop-cap{background-color:#818a91;color:#fff}.elementor-widget-text-editor.elementor-drop-cap-view-framed .elementor-drop-cap{color:#818a91;border:3px solid;background-color:transparent}.elementor-widget-text-editor:not(.elementor-drop-cap-view-default) .elementor-drop-cap{margin-top:8px}.elementor-widget-text-editor:not(.elementor-drop-cap-view-default) .elementor-drop-cap-letter{width:1em;height:1em}.elementor-widget-text-editor .elementor-drop-cap{float:left;text-align:center;line-height:1;font-size:50px}.elementor-widget-text-editor .elementor-drop-cap-letter{display:inline-block}<\/style>\t\t\t\t<p><strong>\u00a0<\/strong><\/p><p><strong>Fahrzeugs bei Autogalerie Bayern<br \/><\/strong><\/p><p>Wir versichern Ihnen, dass sich ihr Fahrzeug in einem guten Zustand befindet.<\/p>\t\t\t\t\t\t<\/div>\n\t\t\t\t<\/div>\n\t\t\t\t<div class=\"elementor-element elementor-element-7626 elementor-widget elementor-widget-text-editor\" data-id=\"7626\" data-element_type=\"widget\" data-widget_type=\"text-editor.default\">\n\t\t\t\t<div class=\"elementor-widget-container\">\n\t\t\t\t\t\t\t<p><strong>Gebrauchtwagen Garantie m\u00f6glich <\/strong><\/p><p>Sie k\u00f6nnen 1 bis 2 Jahre Garantie beantragen.<\/p>\t\t\t\t\t\t<\/div>\n\t\t\t\t<\/div>\n\t\t\t\t<div class=\"elementor-element elementor-element-1267 elementor-widget elementor-widget-text-editor\" data-id=\"1267\" data-element_type=\"widget\" data-widget_type=\"text-editor.default\">\n\t\t\t\t<div class=\"elementor-widget-container\">\n\t\t\t\t\t\t\t<p><strong>Richtige Auto\u00fcbersicht<br><\/strong><\/p>\n<p>Fahrzeugboden auf der Hebeb\u00fchne besichtigen m\u00f6glich.<\/p>\t\t\t\t\t\t<\/div>\n\t\t\t\t<\/div>\n\t\t\t\t\t<\/div>\n\t\t<\/div>\n\t\t\t\t\t\t\t<\/div>\n\t\t<\/section>\n\t\t\t\t\t<\/div>\n\t\t<\/div>\n\t\t\t\t\t\t\t<\/div>\n\t\t<\/section>\n\t\t\t\t<section class=\"elementor-section elementor-top-section elementor-element elementor-element-7861 elementor-section-stretched elementor-section-boxed elementor-section-height-default elementor-section-height-default\" data-id=\"7861\" data-element_type=\"section\" data-settings=\"{&quot;stretch_section&quot;:&quot;section-stretched&quot;}\">\n\t\t\t\t\t\t<div class=\"elementor-container elementor-column-gap-default\">\n\t\t\t\t\t<div class=\"elementor-column elementor-col-100 elementor-top-column elementor-element elementor-element-2fc8\" data-id=\"2fc8\" data-element_type=\"column\">\n\t\t\t<div class=\"elementor-widget-wrap elementor-element-populated\">\n\t\t\t\t\t\t\t\t<div class=\"elementor-element elementor-element-1ba elementor-widget elementor-widget-cdhl_section-title\" data-id=\"1ba\" data-element_type=\"widget\" data-widget_type=\"cdhl_section-title.default\">\n\t\t\t\t<div class=\"elementor-widget-container\">\n\t\t\t<div class=\"cdhl_section-title_wrapper\">\n\t<div class=\"section-title text-center style_1\" id=\"1ba\">\n\t\t\t<span class=\"sub-title\"><\/span>\n\t\t<h2 class=\"main-title\">\n\t\t\tBewertungen\t\t<\/h2>\n\t\t\t\t\t<div class=\"separator\"><\/div>\n\t\t\t\t<\/div>\n<\/div>\n\t\t<\/div>\n\t\t\t\t<\/div>\n\t\t\t\t<div class=\"elementor-element elementor-element-186b elementor-widget elementor-widget-cdhl_testimonials\" data-id=\"186b\" data-element_type=\"widget\" data-widget_type=\"cdhl_testimonials.default\">\n\t\t\t\t<div class=\"elementor-widget-container\">\n\t\t\t<div class=\"cdhl_testimonials_wrapper\">\n\t<div class=\"testimonial page testimonial-1 white-bg\" id=\"cd_testimonials_186b\">\n\t\t\t\t<div class=\"owl-carousel\" data-nav-arrow=\"true\" data-nav-dots=\"false\" data-autoplay=\"true\" data-lazyload=\"\" data-space=\"20\" data-loop=\"true\" data-items=\"3\" data-md-items=\"3\" data-sm-items=\"3\" data-xs-items=\"2\" data-xx-items=\"1\">\n\t\t\t<div class=\"item\">\n\t\t<div class=\"testimonial-block text-center\">\n\t\t\t<div class=\"testimonial-image\">\n\t\t\t\t<img loading=\"lazy\" decoding=\"async\" width=\"1170\" height=\"255\" src=\"https:\/\/autogalerie-bayern.de\/wp-content\/uploads\/2017\/01\/flag-1170-255.png\" class=\"attachment-cardealer-blog-thumb size-cardealer-blog-thumb wp-post-image\" alt=\"\" srcset=\"https:\/\/autogalerie-bayern.de\/wp-content\/uploads\/2017\/01\/flag-1170-255.png 1170w, https:\/\/autogalerie-bayern.de\/wp-content\/uploads\/2017\/01\/flag-1170-255-300x65.png 300w, https:\/\/autogalerie-bayern.de\/wp-content\/uploads\/2017\/01\/flag-1170-255-1024x223.png 1024w, https:\/\/autogalerie-bayern.de\/wp-content\/uploads\/2017\/01\/flag-1170-255-768x167.png 768w\" sizes=\"auto, (max-width: 1170px) 100vw, 1170px\" \/>\t\t\t<\/div>\n\t\t\t<div class=\"testimonial-box\">\n\t\t\t\t<div class=\"testimonial-avtar\">\n\t\t\t\t\t\t\t\t\t\t\t\t<img loading=\"lazy\" decoding=\"async\" class=\"img-responsive\" src=\"https:\/\/autogalerie-bayern.de\/wp-content\/uploads\/2017\/01\/p2061-150x150.png\" width=\"150\" height=\"150\">\n\t\t\t\t\t\t\t\t\t\t\t\t<h6>Christian W.<\/h6>\n\t\t\t\t\t\t\t\t\t<\/div>\n\t\t\t\t<div class=\"testimonial-content\">\n\t\t\t\t\t<p>Auto war genau wie in der Anzeige auf der Webseite. H\u00e4ndler sehr freundlich, hatt auf alle meine Fragen beantwortet.<\/p>\n\t\t\t\t\t<i class=\"fas fa-quote-right\"><\/i>\n\t\t\t\t<\/div>\n\t\t\t<\/div>\n\t\t<\/div>\n\t<\/div>\n\t\t<div class=\"item\">\n\t\t<div class=\"testimonial-block text-center\">\n\t\t\t<div class=\"testimonial-image\">\n\t\t\t\t<img loading=\"lazy\" decoding=\"async\" width=\"1170\" height=\"255\" src=\"https:\/\/autogalerie-bayern.de\/wp-content\/uploads\/2017\/01\/flag-1170-255.png\" class=\"attachment-cardealer-blog-thumb size-cardealer-blog-thumb wp-post-image\" alt=\"\" srcset=\"https:\/\/autogalerie-bayern.de\/wp-content\/uploads\/2017\/01\/flag-1170-255.png 1170w, https:\/\/autogalerie-bayern.de\/wp-content\/uploads\/2017\/01\/flag-1170-255-300x65.png 300w, https:\/\/autogalerie-bayern.de\/wp-content\/uploads\/2017\/01\/flag-1170-255-1024x223.png 1024w, https:\/\/autogalerie-bayern.de\/wp-content\/uploads\/2017\/01\/flag-1170-255-768x167.png 768w\" sizes=\"auto, (max-width: 1170px) 100vw, 1170px\" \/>\t\t\t<\/div>\n\t\t\t<div class=\"testimonial-box\">\n\t\t\t\t<div class=\"testimonial-avtar\">\n\t\t\t\t\t\t\t\t\t\t\t\t<img loading=\"lazy\" decoding=\"async\" class=\"img-responsive\" src=\"https:\/\/autogalerie-bayern.de\/wp-content\/uploads\/2017\/01\/opel-astra-150x150.png\" width=\"150\" height=\"150\">\n\t\t\t\t\t\t\t\t\t\t\t\t<h6>Corinna H.<\/h6>\n\t\t\t\t\t\t\t\t\t<\/div>\n\t\t\t\t<div class=\"testimonial-content\">\n\t\t\t\t\t<p>Sehr freundlich und entgegenkommend, hat mir gratis beraten wie ich das Auto selbst zulassen kann.<\/p>\n\t\t\t\t\t<i class=\"fas fa-quote-right\"><\/i>\n\t\t\t\t<\/div>\n\t\t\t<\/div>\n\t\t<\/div>\n\t<\/div>\n\t\t<div class=\"item\">\n\t\t<div class=\"testimonial-block text-center\">\n\t\t\t<div class=\"testimonial-image\">\n\t\t\t\t<img loading=\"lazy\" decoding=\"async\" width=\"1170\" height=\"255\" src=\"https:\/\/autogalerie-bayern.de\/wp-content\/uploads\/2017\/01\/flag-1170-255.png\" class=\"attachment-cardealer-blog-thumb size-cardealer-blog-thumb wp-post-image\" alt=\"\" srcset=\"https:\/\/autogalerie-bayern.de\/wp-content\/uploads\/2017\/01\/flag-1170-255.png 1170w, https:\/\/autogalerie-bayern.de\/wp-content\/uploads\/2017\/01\/flag-1170-255-300x65.png 300w, https:\/\/autogalerie-bayern.de\/wp-content\/uploads\/2017\/01\/flag-1170-255-1024x223.png 1024w, https:\/\/autogalerie-bayern.de\/wp-content\/uploads\/2017\/01\/flag-1170-255-768x167.png 768w\" sizes=\"auto, (max-width: 1170px) 100vw, 1170px\" \/>\t\t\t<\/div>\n\t\t\t<div class=\"testimonial-box\">\n\t\t\t\t<div class=\"testimonial-avtar\">\n\t\t\t\t\t\t\t\t\t\t\t\t<img loading=\"lazy\" decoding=\"async\" class=\"img-responsive\" src=\"https:\/\/autogalerie-bayern.de\/wp-content\/uploads\/2017\/01\/audia3-150x150.png\" width=\"150\" height=\"150\">\n\t\t\t\t\t\t\t\t\t\t\t\t<h6>Stefan K.<\/h6>\n\t\t\t\t\t\t\t\t\t<\/div>\n\t\t\t\t<div class=\"testimonial-content\">\n\t\t\t\t\t<p>Ich habe ein gutes Angebot bekommen. Super nette Leute, Top Auto, gerne wieder. \r\nSchnelle Formalit\u00e4ten.<\/p>\n\t\t\t\t\t<i class=\"fas fa-quote-right\"><\/i>\n\t\t\t\t<\/div>\n\t\t\t<\/div>\n\t\t<\/div>\n\t<\/div>\n\t\t<div class=\"item\">\n\t\t<div class=\"testimonial-block text-center\">\n\t\t\t<div class=\"testimonial-image\">\n\t\t\t\t<img loading=\"lazy\" decoding=\"async\" width=\"1170\" height=\"255\" src=\"https:\/\/autogalerie-bayern.de\/wp-content\/uploads\/2017\/01\/flag-1170-255.png\" class=\"attachment-cardealer-blog-thumb size-cardealer-blog-thumb wp-post-image\" alt=\"\" srcset=\"https:\/\/autogalerie-bayern.de\/wp-content\/uploads\/2017\/01\/flag-1170-255.png 1170w, https:\/\/autogalerie-bayern.de\/wp-content\/uploads\/2017\/01\/flag-1170-255-300x65.png 300w, https:\/\/autogalerie-bayern.de\/wp-content\/uploads\/2017\/01\/flag-1170-255-1024x223.png 1024w, https:\/\/autogalerie-bayern.de\/wp-content\/uploads\/2017\/01\/flag-1170-255-768x167.png 768w\" sizes=\"auto, (max-width: 1170px) 100vw, 1170px\" \/>\t\t\t<\/div>\n\t\t\t<div class=\"testimonial-box\">\n\t\t\t\t<div class=\"testimonial-avtar\">\n\t\t\t\t\t\t\t\t\t\t\t\t<img loading=\"lazy\" decoding=\"async\" class=\"img-responsive\" src=\"https:\/\/autogalerie-bayern.de\/wp-content\/uploads\/2017\/01\/vw-150x150.png\" width=\"150\" height=\"150\">\n\t\t\t\t\t\t\t\t\t\t\t\t<h6>Sara L.<\/h6>\n\t\t\t\t\t\t\t\t\t<\/div>\n\t\t\t\t<div class=\"testimonial-content\">\n\t\t\t\t\t<p>Tolle Beratung, zuverl\u00e4ssig, freundlich und kompetent! Probefahrt absolut problemlos. Bin sehr zufrieden\r\n\r\n<\/p>\n\t\t\t\t\t<i class=\"fas fa-quote-right\"><\/i>\n\t\t\t\t<\/div>\n\t\t\t<\/div>\n\t\t<\/div>\n\t<\/div>\n\t\t\t<\/div>\n\t\t\t<\/div>\n<\/div>\n\t\t<\/div>\n\t\t\t\t<\/div>\n\t\t\t\t\t<\/div>\n\t\t<\/div>\n\t\t\t\t\t\t\t<\/div>\n\t\t<\/section>\n\t\t\t\t\t\t\t<\/div>\n\t\t","protected":false},"excerpt":{"rendered":"<p>F\u00fcr unerwartere Reparaturkosten beantragen Sie 1 bis 2 Jahre Garantie. \u00a0 Fahrzeugs bei Autogalerie Bayern Wir versichern Ihnen, dass sich ihr Fahrzeug in einem guten Zustand befindet. Gebrauchtwagen Garantie m\u00f6glich Sie k\u00f6nnen 1 bis 2 Jahre Garantie beantragen. Richtige Auto\u00fcbersicht Fahrzeugboden auf der Hebeb\u00fchne besichtigen m\u00f6glich. Bewertungen Christian W. Auto war genau wie in der [&hellip;]<\/p>\n","protected":false},"author":1,"featured_media":0,"parent":0,"menu_order":0,"comment_status":"closed","ping_status":"closed","template":"templates\/cadealer-elementor-full-width.php","meta":{"footnotes":""},"class_list":["post-12583","page","type-page","status-publish","hentry"],"yoast_head":"<!-- This site is optimized with the Yoast SEO plugin v18.5.1 - https:\/\/yoast.com\/wordpress\/plugins\/seo\/ -->\n<title>Garantie - Autogalerie Bayern<\/title>\n<meta name=\"robots\" content=\"noindex, follow, max-snippet:-1, max-image-preview:large, max-video-preview:-1\" \/>\n<meta property=\"og:locale\" content=\"en_US\" \/>\n<meta property=\"og:type\" content=\"article\" \/>\n<meta property=\"og:title\" content=\"Garantie - Autogalerie Bayern\" \/>\n<meta property=\"og:description\" content=\"F\u00fcr unerwartere Reparaturkosten beantragen Sie 1 bis 2 Jahre Garantie. \u00a0 Fahrzeugs bei Autogalerie Bayern Wir versichern Ihnen, dass sich ihr Fahrzeug in einem guten Zustand befindet. Gebrauchtwagen Garantie m\u00f6glich Sie k\u00f6nnen 1 bis 2 Jahre Garantie beantragen. Richtige Auto\u00fcbersicht Fahrzeugboden auf der Hebeb\u00fchne besichtigen m\u00f6glich. Bewertungen Christian W. Auto war genau wie in der [&hellip;]\" \/>\n<meta property=\"og:url\" content=\"https:\/\/autogalerie-bayern.de\/index.php\/garantie\/\" \/>\n<meta property=\"og:site_name\" content=\"Autogalerie Bayern\" \/>\n<meta property=\"article:modified_time\" content=\"2022-04-10T16:03:32+00:00\" \/>\n<meta property=\"og:image\" content=\"https:\/\/autogalerie-bayern.de\/wp-content\/uploads\/2022\/04\/garantie.jpg\" \/>\n<meta name=\"twitter:card\" content=\"summary_large_image\" \/>\n<meta name=\"twitter:label1\" content=\"Est. reading time\" \/>\n\t<meta name=\"twitter:data1\" content=\"8 minutes\" \/>\n<script type=\"application\/ld+json\" class=\"yoast-schema-graph\">{\"@context\":\"https:\/\/schema.org\",\"@graph\":[{\"@type\":\"WebSite\",\"@id\":\"https:\/\/autogalerie-bayern.de\/#website\",\"url\":\"https:\/\/autogalerie-bayern.de\/\",\"name\":\"Autogalerie Bayern\",\"description\":\"\",\"potentialAction\":[{\"@type\":\"SearchAction\",\"target\":{\"@type\":\"EntryPoint\",\"urlTemplate\":\"https:\/\/autogalerie-bayern.de\/?s={search_term_string}\"},\"query-input\":\"required name=search_term_string\"}],\"inLanguage\":\"en-US\"},{\"@type\":\"ImageObject\",\"@id\":\"https:\/\/autogalerie-bayern.de\/index.php\/garantie\/#primaryimage\",\"inLanguage\":\"en-US\",\"url\":\"https:\/\/autogalerie-bayern.de\/wp-content\/uploads\/2022\/04\/garantie.jpg\",\"contentUrl\":\"https:\/\/autogalerie-bayern.de\/wp-content\/uploads\/2022\/04\/garantie.jpg\",\"width\":640,\"height\":320},{\"@type\":\"WebPage\",\"@id\":\"https:\/\/autogalerie-bayern.de\/index.php\/garantie\/#webpage\",\"url\":\"https:\/\/autogalerie-bayern.de\/index.php\/garantie\/\",\"name\":\"Garantie - Autogalerie Bayern\",\"isPartOf\":{\"@id\":\"https:\/\/autogalerie-bayern.de\/#website\"},\"primaryImageOfPage\":{\"@id\":\"https:\/\/autogalerie-bayern.de\/index.php\/garantie\/#primaryimage\"},\"datePublished\":\"2022-04-10T15:29:26+00:00\",\"dateModified\":\"2022-04-10T16:03:32+00:00\",\"breadcrumb\":{\"@id\":\"https:\/\/autogalerie-bayern.de\/index.php\/garantie\/#breadcrumb\"},\"inLanguage\":\"en-US\",\"potentialAction\":[{\"@type\":\"ReadAction\",\"target\":[\"https:\/\/autogalerie-bayern.de\/index.php\/garantie\/\"]}]},{\"@type\":\"BreadcrumbList\",\"@id\":\"https:\/\/autogalerie-bayern.de\/index.php\/garantie\/#breadcrumb\",\"itemListElement\":[{\"@type\":\"ListItem\",\"position\":1,\"name\":\"Home\",\"item\":\"https:\/\/autogalerie-bayern.de\/\"},{\"@type\":\"ListItem\",\"position\":2,\"name\":\"Garantie\"}]}]}<\/script>\n<!-- \/ Yoast SEO plugin. -->","yoast_head_json":{"title":"Garantie - Autogalerie Bayern","robots":{"index":"noindex","follow":"follow","max-snippet":"max-snippet:-1","max-image-preview":"max-image-preview:large","max-video-preview":"max-video-preview:-1"},"og_locale":"en_US","og_type":"article","og_title":"Garantie - Autogalerie Bayern","og_description":"F\u00fcr unerwartere Reparaturkosten beantragen Sie 1 bis 2 Jahre Garantie. \u00a0 Fahrzeugs bei Autogalerie Bayern Wir versichern Ihnen, dass sich ihr Fahrzeug in einem guten Zustand befindet. Gebrauchtwagen Garantie m\u00f6glich Sie k\u00f6nnen 1 bis 2 Jahre Garantie beantragen. Richtige Auto\u00fcbersicht Fahrzeugboden auf der Hebeb\u00fchne besichtigen m\u00f6glich. Bewertungen Christian W. Auto war genau wie in der [&hellip;]","og_url":"https:\/\/autogalerie-bayern.de\/index.php\/garantie\/","og_site_name":"Autogalerie Bayern","article_modified_time":"2022-04-10T16:03:32+00:00","og_image":[{"url":"https:\/\/autogalerie-bayern.de\/wp-content\/uploads\/2022\/04\/garantie.jpg"}],"twitter_card":"summary_large_image","twitter_misc":{"Est. reading time":"8 minutes"},"schema":{"@context":"https:\/\/schema.org","@graph":[{"@type":"WebSite","@id":"https:\/\/autogalerie-bayern.de\/#website","url":"https:\/\/autogalerie-bayern.de\/","name":"Autogalerie Bayern","description":"","potentialAction":[{"@type":"SearchAction","target":{"@type":"EntryPoint","urlTemplate":"https:\/\/autogalerie-bayern.de\/?s={search_term_string}"},"query-input":"required name=search_term_string"}],"inLanguage":"en-US"},{"@type":"ImageObject","@id":"https:\/\/autogalerie-bayern.de\/index.php\/garantie\/#primaryimage","inLanguage":"en-US","url":"https:\/\/autogalerie-bayern.de\/wp-content\/uploads\/2022\/04\/garantie.jpg","contentUrl":"https:\/\/autogalerie-bayern.de\/wp-content\/uploads\/2022\/04\/garantie.jpg","width":640,"height":320},{"@type":"WebPage","@id":"https:\/\/autogalerie-bayern.de\/index.php\/garantie\/#webpage","url":"https:\/\/autogalerie-bayern.de\/index.php\/garantie\/","name":"Garantie - Autogalerie Bayern","isPartOf":{"@id":"https:\/\/autogalerie-bayern.de\/#website"},"primaryImageOfPage":{"@id":"https:\/\/autogalerie-bayern.de\/index.php\/garantie\/#primaryimage"},"datePublished":"2022-04-10T15:29:26+00:00","dateModified":"2022-04-10T16:03:32+00:00","breadcrumb":{"@id":"https:\/\/autogalerie-bayern.de\/index.php\/garantie\/#breadcrumb"},"inLanguage":"en-US","potentialAction":[{"@type":"ReadAction","target":["https:\/\/autogalerie-bayern.de\/index.php\/garantie\/"]}]},{"@type":"BreadcrumbList","@id":"https:\/\/autogalerie-bayern.de\/index.php\/garantie\/#breadcrumb","itemListElement":[{"@type":"ListItem","position":1,"name":"Home","item":"https:\/\/autogalerie-bayern.de\/"},{"@type":"ListItem","position":2,"name":"Garantie"}]}]}},"acf":[],"_links":{"self":[{"href":"https:\/\/autogalerie-bayern.de\/index.php\/wp-json\/wp\/v2\/pages\/12583","targetHints":{"allow":["GET"]}}],"collection":[{"href":"https:\/\/autogalerie-bayern.de\/index.php\/wp-json\/wp\/v2\/pages"}],"about":[{"href":"https:\/\/autogalerie-bayern.de\/index.php\/wp-json\/wp\/v2\/types\/page"}],"author":[{"embeddable":true,"href":"https:\/\/autogalerie-bayern.de\/index.php\/wp-json\/wp\/v2\/users\/1"}],"replies":[{"embeddable":true,"href":"https:\/\/autogalerie-bayern.de\/index.php\/wp-json\/wp\/v2\/comments?post=12583"}],"version-history":[{"count":16,"href":"https:\/\/autogalerie-bayern.de\/index.php\/wp-json\/wp\/v2\/pages\/12583\/revisions"}],"predecessor-version":[{"id":12604,"href":"https:\/\/autogalerie-bayern.de\/index.php\/wp-json\/wp\/v2\/pages\/12583\/revisions\/12604"}],"wp:attachment":[{"href":"https:\/\/autogalerie-bayern.de\/index.php\/wp-json\/wp\/v2\/media?parent=12583"}],"curies":[{"name":"wp","href":"https:\/\/api.w.org\/{rel}","templated":true}]}}