{"id":12556,"date":"2022-04-10T15:06:44","date_gmt":"2022-04-10T15:06:44","guid":{"rendered":"https:\/\/autogalerie-bayern.de\/?page_id=12556"},"modified":"2022-04-10T15:27:41","modified_gmt":"2022-04-10T15:27:41","slug":"finanzierung","status":"publish","type":"page","link":"https:\/\/autogalerie-bayern.de\/index.php\/finanzierung\/","title":{"rendered":"Finanzierung"},"content":{"rendered":"\t\t<div data-elementor-type=\"wp-page\" data-elementor-id=\"12556\" class=\"elementor elementor-12556\">\n\t\t\t\t\t\t\t\t\t<section class=\"elementor-section elementor-top-section elementor-element elementor-element-6e03 elementor-section-stretched elementor-section-boxed elementor-section-height-default elementor-section-height-default\" data-id=\"6e03\" data-element_type=\"section\" data-settings=\"{&quot;stretch_section&quot;:&quot;section-stretched&quot;}\">\n\t\t\t\t\t\t<div class=\"elementor-container elementor-column-gap-default\">\n\t\t\t\t\t<div class=\"elementor-column elementor-col-100 elementor-top-column elementor-element elementor-element-4eb2\" data-id=\"4eb2\" data-element_type=\"column\">\n\t\t\t<div class=\"elementor-widget-wrap elementor-element-populated\">\n\t\t\t\t\t\t\t\t<div class=\"elementor-element elementor-element-4e5a elementor-widget elementor-widget-cdhl_section-title\" data-id=\"4e5a\" data-element_type=\"widget\" data-widget_type=\"cdhl_section-title.default\">\n\t\t\t\t<div class=\"elementor-widget-container\">\n\t\t\t<div class=\"cdhl_section-title_wrapper\">\n\t<div class=\"section-title text-center style_1\" id=\"4e5a\">\n\t\t\t<span class=\"sub-title\"><\/span>\n\t\t<h2 class=\"main-title\">\n\t\t\t \t\t<\/h2>\n\t\t\t\t\t<div class=\"separator\"><\/div>\n\t\t\t\t\t\t<p>Attraktive Autofinanzierung<\/p>\n\t\t\t\t<\/div>\n<\/div>\n\t\t<\/div>\n\t\t\t\t<\/div>\n\t\t\t\t<section class=\"elementor-section elementor-inner-section elementor-element elementor-element-18bd elementor-section-boxed elementor-section-height-default elementor-section-height-default\" data-id=\"18bd\" data-element_type=\"section\">\n\t\t\t\t\t\t<div class=\"elementor-container elementor-column-gap-default\">\n\t\t\t\t\t<div class=\"elementor-column elementor-col-50 elementor-inner-column elementor-element elementor-element-5d68\" data-id=\"5d68\" data-element_type=\"column\">\n\t\t\t<div class=\"elementor-widget-wrap elementor-element-populated\">\n\t\t\t\t\t\t\t\t<div class=\"elementor-element elementor-element-788b elementor-widget elementor-widget-cdhl_image-slider\" data-id=\"788b\" data-element_type=\"widget\" data-widget_type=\"cdhl_image-slider.default\">\n\t\t\t\t<div class=\"elementor-widget-container\">\n\t\t\t<div class=\"cdhl_image-slider_wrapper\">\n\t<div class=\"owl-carousel\" data-nav-arrow=\"true\" data-nav-dots=\"false\" data-autoplay=\"true\" data-lazyload=\"\" data-loop=\"true\" data-items=\"1\" data-md-items=\"1\" data-sm-items=\"1\" data-xs-items=\"1\" >\n\t\t\t\t\t<div class=\"item\">\n\t\t\t\t\t\t\t\t\t<img decoding=\"async\" class=\"center-block\" src=\"\" alt=\"\">\n\t\t\t\t\t\t\t\t<\/div>\n\t\t\t\t\t\t<div class=\"item\">\n\t\t\t\t\t\t\t\t\t<img decoding=\"async\" class=\"center-block\" src=\"\" alt=\"\">\n\t\t\t\t\t\t\t\t<\/div>\n\t\t\t\t\t\t<div class=\"item\">\n\t\t\t\t\t\t\t\t\t<img decoding=\"async\" class=\"center-block\" src=\"\" alt=\"\">\n\t\t\t\t\t\t\t\t<\/div>\n\t\t\t\t<\/div>\n<\/div>\n\t\t<\/div>\n\t\t\t\t<\/div>\n\t\t\t\t<div class=\"elementor-element elementor-element-da21eab elementor-widget elementor-widget-cdhl_image-slider\" data-id=\"da21eab\" data-element_type=\"widget\" data-widget_type=\"cdhl_image-slider.default\">\n\t\t\t\t<div class=\"elementor-widget-container\">\n\t\t\t<div class=\"cdhl_image-slider_wrapper\">\n\t<div class=\"owl-carousel\" data-nav-arrow=\"true\" data-nav-dots=\"false\" data-autoplay=\"true\" data-lazyload=\"\" data-loop=\"true\" data-items=\"1\" data-md-items=\"1\" data-sm-items=\"1\" data-xs-items=\"1\" >\n\t\t\t\t\t<div class=\"item\">\n\t\t\t\t\t\t\t\t\t<img decoding=\"async\" class=\"center-block\" src=\"https:\/\/autogalerie-bayern.de\/wp-content\/uploads\/2022\/04\/finanzierung.jpg\" alt=\"\">\n\t\t\t\t\t\t\t\t<\/div>\n\t\t\t\t\t\t<div class=\"item\">\n\t\t\t\t\t\t\t\t\t<img decoding=\"async\" class=\"center-block\" src=\"https:\/\/autogalerie-bayern.de\/wp-content\/uploads\/2022\/04\/kreditvergleich.jpg\" alt=\"\">\n\t\t\t\t\t\t\t\t<\/div>\n\t\t\t\t<\/div>\n<\/div>\n\t\t<\/div>\n\t\t\t\t<\/div>\n\t\t\t\t\t<\/div>\n\t\t<\/div>\n\t\t\t\t<div class=\"elementor-column elementor-col-50 elementor-inner-column elementor-element elementor-element-6814\" data-id=\"6814\" data-element_type=\"column\">\n\t\t\t<div class=\"elementor-widget-wrap elementor-element-populated\">\n\t\t\t\t\t\t\t\t<div class=\"elementor-element elementor-element-2581 elementor-widget elementor-widget-text-editor\" data-id=\"2581\" data-element_type=\"widget\" data-widget_type=\"text-editor.default\">\n\t\t\t\t<div class=\"elementor-widget-container\">\n\t\t\t<style>\/*! elementor - v3.6.2 - 04-04-2022 *\/\n.elementor-widget-text-editor.elementor-drop-cap-view-stacked .elementor-drop-cap{background-color:#818a91;color:#fff}.elementor-widget-text-editor.elementor-drop-cap-view-framed .elementor-drop-cap{color:#818a91;border:3px solid;background-color:transparent}.elementor-widget-text-editor:not(.elementor-drop-cap-view-default) .elementor-drop-cap{margin-top:8px}.elementor-widget-text-editor:not(.elementor-drop-cap-view-default) .elementor-drop-cap-letter{width:1em;height:1em}.elementor-widget-text-editor .elementor-drop-cap{float:left;text-align:center;line-height:1;font-size:50px}.elementor-widget-text-editor .elementor-drop-cap-letter{display:inline-block}<\/style>\t\t\t\t<p><strong>\u00a0<\/strong><\/p><p><strong>Autofinanzierung<\/strong><\/p><p>Sie k\u00f6nnen Ihr Auto finanzieren, unabh\u00e4ngig von Hersteller, Model oder Alter.<\/p>\t\t\t\t\t\t<\/div>\n\t\t\t\t<\/div>\n\t\t\t\t<div class=\"elementor-element elementor-element-7626 elementor-widget elementor-widget-text-editor\" data-id=\"7626\" data-element_type=\"widget\" data-widget_type=\"text-editor.default\">\n\t\t\t\t<div class=\"elementor-widget-container\">\n\t\t\t\t\t\t\t<p><strong>Kreditvergleich <\/strong><\/p><p>F\u00fcr Ihre Autofinanzierung machen wir einen Kreditvergleich bei unsere Bankpartners.<\/p>\t\t\t\t\t\t<\/div>\n\t\t\t\t<\/div>\n\t\t\t\t<div class=\"elementor-element elementor-element-1267 elementor-widget elementor-widget-text-editor\" data-id=\"1267\" data-element_type=\"widget\" data-widget_type=\"text-editor.default\">\n\t\t\t\t<div class=\"elementor-widget-container\">\n\t\t\t\t\t\t\t<p><strong>Schnelle Autofinanzierung<\/strong><\/p><p>Nachdem Sie das gew\u00fcnschte Auto ausgew\u00e4hlt haben, sprechen Sie uns direkt an, um wir ein schnelle Kalkulation an unsere Bankpartners f\u00fcr Ihnen erhalten.<\/p>\t\t\t\t\t\t<\/div>\n\t\t\t\t<\/div>\n\t\t\t\t\t<\/div>\n\t\t<\/div>\n\t\t\t\t\t\t\t<\/div>\n\t\t<\/section>\n\t\t\t\t\t<\/div>\n\t\t<\/div>\n\t\t\t\t\t\t\t<\/div>\n\t\t<\/section>\n\t\t\t\t<section class=\"elementor-section elementor-top-section elementor-element elementor-element-7861 elementor-section-stretched elementor-section-boxed elementor-section-height-default elementor-section-height-default\" data-id=\"7861\" data-element_type=\"section\" data-settings=\"{&quot;stretch_section&quot;:&quot;section-stretched&quot;}\">\n\t\t\t\t\t\t<div class=\"elementor-container elementor-column-gap-default\">\n\t\t\t\t\t<div class=\"elementor-column elementor-col-100 elementor-top-column elementor-element elementor-element-2fc8\" data-id=\"2fc8\" data-element_type=\"column\">\n\t\t\t<div class=\"elementor-widget-wrap elementor-element-populated\">\n\t\t\t\t\t\t\t\t<div class=\"elementor-element elementor-element-1ba elementor-widget elementor-widget-cdhl_section-title\" data-id=\"1ba\" data-element_type=\"widget\" data-widget_type=\"cdhl_section-title.default\">\n\t\t\t\t<div class=\"elementor-widget-container\">\n\t\t\t<div class=\"cdhl_section-title_wrapper\">\n\t<div class=\"section-title text-center style_1\" id=\"1ba\">\n\t\t\t<span class=\"sub-title\"><\/span>\n\t\t<h2 class=\"main-title\">\n\t\t\tBewertungen\t\t<\/h2>\n\t\t\t\t\t<div class=\"separator\"><\/div>\n\t\t\t\t<\/div>\n<\/div>\n\t\t<\/div>\n\t\t\t\t<\/div>\n\t\t\t\t<div class=\"elementor-element elementor-element-186b elementor-widget elementor-widget-cdhl_testimonials\" data-id=\"186b\" data-element_type=\"widget\" data-widget_type=\"cdhl_testimonials.default\">\n\t\t\t\t<div class=\"elementor-widget-container\">\n\t\t\t<div class=\"cdhl_testimonials_wrapper\">\n\t<div class=\"testimonial page testimonial-1 white-bg\" id=\"cd_testimonials_186b\">\n\t\t\t\t<div class=\"owl-carousel\" data-nav-arrow=\"true\" data-nav-dots=\"false\" data-autoplay=\"true\" data-lazyload=\"\" data-space=\"20\" data-loop=\"true\" data-items=\"3\" data-md-items=\"3\" data-sm-items=\"3\" data-xs-items=\"2\" data-xx-items=\"1\">\n\t\t\t<div class=\"item\">\n\t\t<div class=\"testimonial-block text-center\">\n\t\t\t<div class=\"testimonial-image\">\n\t\t\t\t<img loading=\"lazy\" decoding=\"async\" width=\"1170\" height=\"255\" src=\"https:\/\/autogalerie-bayern.de\/wp-content\/uploads\/2017\/01\/flag-1170-255.png\" class=\"attachment-cardealer-blog-thumb size-cardealer-blog-thumb wp-post-image\" alt=\"\" srcset=\"https:\/\/autogalerie-bayern.de\/wp-content\/uploads\/2017\/01\/flag-1170-255.png 1170w, https:\/\/autogalerie-bayern.de\/wp-content\/uploads\/2017\/01\/flag-1170-255-300x65.png 300w, https:\/\/autogalerie-bayern.de\/wp-content\/uploads\/2017\/01\/flag-1170-255-1024x223.png 1024w, https:\/\/autogalerie-bayern.de\/wp-content\/uploads\/2017\/01\/flag-1170-255-768x167.png 768w\" sizes=\"auto, (max-width: 1170px) 100vw, 1170px\" \/>\t\t\t<\/div>\n\t\t\t<div class=\"testimonial-box\">\n\t\t\t\t<div class=\"testimonial-avtar\">\n\t\t\t\t\t\t\t\t\t\t\t\t<img loading=\"lazy\" decoding=\"async\" class=\"img-responsive\" src=\"https:\/\/autogalerie-bayern.de\/wp-content\/uploads\/2017\/01\/p2061-150x150.png\" width=\"150\" height=\"150\">\n\t\t\t\t\t\t\t\t\t\t\t\t<h6>Christian W.<\/h6>\n\t\t\t\t\t\t\t\t\t<\/div>\n\t\t\t\t<div class=\"testimonial-content\">\n\t\t\t\t\t<p>Auto war genau wie in der Anzeige auf der Webseite. H\u00e4ndler sehr freundlich, hatt auf alle meine Fragen beantwortet.<\/p>\n\t\t\t\t\t<i class=\"fas fa-quote-right\"><\/i>\n\t\t\t\t<\/div>\n\t\t\t<\/div>\n\t\t<\/div>\n\t<\/div>\n\t\t<div class=\"item\">\n\t\t<div class=\"testimonial-block text-center\">\n\t\t\t<div class=\"testimonial-image\">\n\t\t\t\t<img loading=\"lazy\" decoding=\"async\" width=\"1170\" height=\"255\" src=\"https:\/\/autogalerie-bayern.de\/wp-content\/uploads\/2017\/01\/flag-1170-255.png\" class=\"attachment-cardealer-blog-thumb size-cardealer-blog-thumb wp-post-image\" alt=\"\" srcset=\"https:\/\/autogalerie-bayern.de\/wp-content\/uploads\/2017\/01\/flag-1170-255.png 1170w, https:\/\/autogalerie-bayern.de\/wp-content\/uploads\/2017\/01\/flag-1170-255-300x65.png 300w, https:\/\/autogalerie-bayern.de\/wp-content\/uploads\/2017\/01\/flag-1170-255-1024x223.png 1024w, https:\/\/autogalerie-bayern.de\/wp-content\/uploads\/2017\/01\/flag-1170-255-768x167.png 768w\" sizes=\"auto, (max-width: 1170px) 100vw, 1170px\" \/>\t\t\t<\/div>\n\t\t\t<div class=\"testimonial-box\">\n\t\t\t\t<div class=\"testimonial-avtar\">\n\t\t\t\t\t\t\t\t\t\t\t\t<img loading=\"lazy\" decoding=\"async\" class=\"img-responsive\" src=\"https:\/\/autogalerie-bayern.de\/wp-content\/uploads\/2017\/01\/opel-astra-150x150.png\" width=\"150\" height=\"150\">\n\t\t\t\t\t\t\t\t\t\t\t\t<h6>Corinna H.<\/h6>\n\t\t\t\t\t\t\t\t\t<\/div>\n\t\t\t\t<div class=\"testimonial-content\">\n\t\t\t\t\t<p>Sehr freundlich und entgegenkommend, hat mir gratis beraten wie ich das Auto selbst zulassen kann.<\/p>\n\t\t\t\t\t<i class=\"fas fa-quote-right\"><\/i>\n\t\t\t\t<\/div>\n\t\t\t<\/div>\n\t\t<\/div>\n\t<\/div>\n\t\t<div class=\"item\">\n\t\t<div class=\"testimonial-block text-center\">\n\t\t\t<div class=\"testimonial-image\">\n\t\t\t\t<img loading=\"lazy\" decoding=\"async\" width=\"1170\" height=\"255\" src=\"https:\/\/autogalerie-bayern.de\/wp-content\/uploads\/2017\/01\/flag-1170-255.png\" class=\"attachment-cardealer-blog-thumb size-cardealer-blog-thumb wp-post-image\" alt=\"\" srcset=\"https:\/\/autogalerie-bayern.de\/wp-content\/uploads\/2017\/01\/flag-1170-255.png 1170w, https:\/\/autogalerie-bayern.de\/wp-content\/uploads\/2017\/01\/flag-1170-255-300x65.png 300w, https:\/\/autogalerie-bayern.de\/wp-content\/uploads\/2017\/01\/flag-1170-255-1024x223.png 1024w, https:\/\/autogalerie-bayern.de\/wp-content\/uploads\/2017\/01\/flag-1170-255-768x167.png 768w\" sizes=\"auto, (max-width: 1170px) 100vw, 1170px\" \/>\t\t\t<\/div>\n\t\t\t<div class=\"testimonial-box\">\n\t\t\t\t<div class=\"testimonial-avtar\">\n\t\t\t\t\t\t\t\t\t\t\t\t<img loading=\"lazy\" decoding=\"async\" class=\"img-responsive\" src=\"https:\/\/autogalerie-bayern.de\/wp-content\/uploads\/2017\/01\/audia3-150x150.png\" width=\"150\" height=\"150\">\n\t\t\t\t\t\t\t\t\t\t\t\t<h6>Stefan K.<\/h6>\n\t\t\t\t\t\t\t\t\t<\/div>\n\t\t\t\t<div class=\"testimonial-content\">\n\t\t\t\t\t<p>Ich habe ein gutes Angebot bekommen. Super nette Leute, Top Auto, gerne wieder. \r\nSchnelle Formalit\u00e4ten.<\/p>\n\t\t\t\t\t<i class=\"fas fa-quote-right\"><\/i>\n\t\t\t\t<\/div>\n\t\t\t<\/div>\n\t\t<\/div>\n\t<\/div>\n\t\t<div class=\"item\">\n\t\t<div class=\"testimonial-block text-center\">\n\t\t\t<div class=\"testimonial-image\">\n\t\t\t\t<img loading=\"lazy\" decoding=\"async\" width=\"1170\" height=\"255\" src=\"https:\/\/autogalerie-bayern.de\/wp-content\/uploads\/2017\/01\/flag-1170-255.png\" class=\"attachment-cardealer-blog-thumb size-cardealer-blog-thumb wp-post-image\" alt=\"\" srcset=\"https:\/\/autogalerie-bayern.de\/wp-content\/uploads\/2017\/01\/flag-1170-255.png 1170w, https:\/\/autogalerie-bayern.de\/wp-content\/uploads\/2017\/01\/flag-1170-255-300x65.png 300w, https:\/\/autogalerie-bayern.de\/wp-content\/uploads\/2017\/01\/flag-1170-255-1024x223.png 1024w, https:\/\/autogalerie-bayern.de\/wp-content\/uploads\/2017\/01\/flag-1170-255-768x167.png 768w\" sizes=\"auto, (max-width: 1170px) 100vw, 1170px\" \/>\t\t\t<\/div>\n\t\t\t<div class=\"testimonial-box\">\n\t\t\t\t<div class=\"testimonial-avtar\">\n\t\t\t\t\t\t\t\t\t\t\t\t<img loading=\"lazy\" decoding=\"async\" class=\"img-responsive\" src=\"https:\/\/autogalerie-bayern.de\/wp-content\/uploads\/2017\/01\/vw-150x150.png\" width=\"150\" height=\"150\">\n\t\t\t\t\t\t\t\t\t\t\t\t<h6>Sara L.<\/h6>\n\t\t\t\t\t\t\t\t\t<\/div>\n\t\t\t\t<div class=\"testimonial-content\">\n\t\t\t\t\t<p>Tolle Beratung, zuverl\u00e4ssig, freundlich und kompetent! Probefahrt absolut problemlos. Bin sehr zufrieden\r\n\r\n<\/p>\n\t\t\t\t\t<i class=\"fas fa-quote-right\"><\/i>\n\t\t\t\t<\/div>\n\t\t\t<\/div>\n\t\t<\/div>\n\t<\/div>\n\t\t\t<\/div>\n\t\t\t<\/div>\n<\/div>\n\t\t<\/div>\n\t\t\t\t<\/div>\n\t\t\t\t\t<\/div>\n\t\t<\/div>\n\t\t\t\t\t\t\t<\/div>\n\t\t<\/section>\n\t\t\t\t\t\t\t<\/div>\n\t\t","protected":false},"excerpt":{"rendered":"<p>Attraktive Autofinanzierung \u00a0 Autofinanzierung Sie k\u00f6nnen Ihr Auto finanzieren, unabh\u00e4ngig von Hersteller, Model oder Alter. Kreditvergleich F\u00fcr Ihre Autofinanzierung machen wir einen Kreditvergleich bei unsere Bankpartners. Schnelle Autofinanzierung Nachdem Sie das gew\u00fcnschte Auto ausgew\u00e4hlt haben, sprechen Sie uns direkt an, um wir ein schnelle Kalkulation an unsere Bankpartners f\u00fcr Ihnen erhalten. Bewertungen Christian W. Auto [&hellip;]<\/p>\n","protected":false},"author":1,"featured_media":0,"parent":0,"menu_order":0,"comment_status":"closed","ping_status":"closed","template":"templates\/cadealer-elementor-full-width.php","meta":{"footnotes":""},"class_list":["post-12556","page","type-page","status-publish","hentry"],"yoast_head":"<!-- This site is optimized with the Yoast SEO plugin v18.5.1 - https:\/\/yoast.com\/wordpress\/plugins\/seo\/ -->\n<title>Finanzierung - Autogalerie Bayern<\/title>\n<meta name=\"robots\" content=\"noindex, follow, max-snippet:-1, max-image-preview:large, max-video-preview:-1\" \/>\n<meta property=\"og:locale\" content=\"en_US\" \/>\n<meta property=\"og:type\" content=\"article\" \/>\n<meta property=\"og:title\" content=\"Finanzierung - Autogalerie Bayern\" \/>\n<meta property=\"og:description\" content=\"Attraktive Autofinanzierung \u00a0 Autofinanzierung Sie k\u00f6nnen Ihr Auto finanzieren, unabh\u00e4ngig von Hersteller, Model oder Alter. Kreditvergleich F\u00fcr Ihre Autofinanzierung machen wir einen Kreditvergleich bei unsere Bankpartners. Schnelle Autofinanzierung Nachdem Sie das gew\u00fcnschte Auto ausgew\u00e4hlt haben, sprechen Sie uns direkt an, um wir ein schnelle Kalkulation an unsere Bankpartners f\u00fcr Ihnen erhalten. Bewertungen Christian W. Auto [&hellip;]\" \/>\n<meta property=\"og:url\" content=\"https:\/\/autogalerie-bayern.de\/index.php\/finanzierung\/\" \/>\n<meta property=\"og:site_name\" content=\"Autogalerie Bayern\" \/>\n<meta property=\"article:modified_time\" content=\"2022-04-10T15:27:41+00:00\" \/>\n<meta property=\"og:image\" content=\"https:\/\/autogalerie-bayern.de\/wp-content\/uploads\/2022\/04\/finanzierung.jpg\" \/>\n<meta name=\"twitter:card\" content=\"summary_large_image\" \/>\n<meta name=\"twitter:label1\" content=\"Est. reading time\" \/>\n\t<meta name=\"twitter:data1\" content=\"8 minutes\" \/>\n<script type=\"application\/ld+json\" class=\"yoast-schema-graph\">{\"@context\":\"https:\/\/schema.org\",\"@graph\":[{\"@type\":\"WebSite\",\"@id\":\"https:\/\/autogalerie-bayern.de\/#website\",\"url\":\"https:\/\/autogalerie-bayern.de\/\",\"name\":\"Autogalerie Bayern\",\"description\":\"\",\"potentialAction\":[{\"@type\":\"SearchAction\",\"target\":{\"@type\":\"EntryPoint\",\"urlTemplate\":\"https:\/\/autogalerie-bayern.de\/?s={search_term_string}\"},\"query-input\":\"required name=search_term_string\"}],\"inLanguage\":\"en-US\"},{\"@type\":\"ImageObject\",\"@id\":\"https:\/\/autogalerie-bayern.de\/index.php\/finanzierung\/#primaryimage\",\"inLanguage\":\"en-US\",\"url\":\"https:\/\/autogalerie-bayern.de\/wp-content\/uploads\/2022\/04\/finanzierung.jpg\",\"contentUrl\":\"https:\/\/autogalerie-bayern.de\/wp-content\/uploads\/2022\/04\/finanzierung.jpg\",\"width\":640,\"height\":320},{\"@type\":\"WebPage\",\"@id\":\"https:\/\/autogalerie-bayern.de\/index.php\/finanzierung\/#webpage\",\"url\":\"https:\/\/autogalerie-bayern.de\/index.php\/finanzierung\/\",\"name\":\"Finanzierung - Autogalerie Bayern\",\"isPartOf\":{\"@id\":\"https:\/\/autogalerie-bayern.de\/#website\"},\"primaryImageOfPage\":{\"@id\":\"https:\/\/autogalerie-bayern.de\/index.php\/finanzierung\/#primaryimage\"},\"datePublished\":\"2022-04-10T15:06:44+00:00\",\"dateModified\":\"2022-04-10T15:27:41+00:00\",\"breadcrumb\":{\"@id\":\"https:\/\/autogalerie-bayern.de\/index.php\/finanzierung\/#breadcrumb\"},\"inLanguage\":\"en-US\",\"potentialAction\":[{\"@type\":\"ReadAction\",\"target\":[\"https:\/\/autogalerie-bayern.de\/index.php\/finanzierung\/\"]}]},{\"@type\":\"BreadcrumbList\",\"@id\":\"https:\/\/autogalerie-bayern.de\/index.php\/finanzierung\/#breadcrumb\",\"itemListElement\":[{\"@type\":\"ListItem\",\"position\":1,\"name\":\"Home\",\"item\":\"https:\/\/autogalerie-bayern.de\/\"},{\"@type\":\"ListItem\",\"position\":2,\"name\":\"Finanzierung\"}]}]}<\/script>\n<!-- \/ Yoast SEO plugin. -->","yoast_head_json":{"title":"Finanzierung - Autogalerie Bayern","robots":{"index":"noindex","follow":"follow","max-snippet":"max-snippet:-1","max-image-preview":"max-image-preview:large","max-video-preview":"max-video-preview:-1"},"og_locale":"en_US","og_type":"article","og_title":"Finanzierung - Autogalerie Bayern","og_description":"Attraktive Autofinanzierung \u00a0 Autofinanzierung Sie k\u00f6nnen Ihr Auto finanzieren, unabh\u00e4ngig von Hersteller, Model oder Alter. Kreditvergleich F\u00fcr Ihre Autofinanzierung machen wir einen Kreditvergleich bei unsere Bankpartners. Schnelle Autofinanzierung Nachdem Sie das gew\u00fcnschte Auto ausgew\u00e4hlt haben, sprechen Sie uns direkt an, um wir ein schnelle Kalkulation an unsere Bankpartners f\u00fcr Ihnen erhalten. Bewertungen Christian W. Auto [&hellip;]","og_url":"https:\/\/autogalerie-bayern.de\/index.php\/finanzierung\/","og_site_name":"Autogalerie Bayern","article_modified_time":"2022-04-10T15:27:41+00:00","og_image":[{"url":"https:\/\/autogalerie-bayern.de\/wp-content\/uploads\/2022\/04\/finanzierung.jpg"}],"twitter_card":"summary_large_image","twitter_misc":{"Est. reading time":"8 minutes"},"schema":{"@context":"https:\/\/schema.org","@graph":[{"@type":"WebSite","@id":"https:\/\/autogalerie-bayern.de\/#website","url":"https:\/\/autogalerie-bayern.de\/","name":"Autogalerie Bayern","description":"","potentialAction":[{"@type":"SearchAction","target":{"@type":"EntryPoint","urlTemplate":"https:\/\/autogalerie-bayern.de\/?s={search_term_string}"},"query-input":"required name=search_term_string"}],"inLanguage":"en-US"},{"@type":"ImageObject","@id":"https:\/\/autogalerie-bayern.de\/index.php\/finanzierung\/#primaryimage","inLanguage":"en-US","url":"https:\/\/autogalerie-bayern.de\/wp-content\/uploads\/2022\/04\/finanzierung.jpg","contentUrl":"https:\/\/autogalerie-bayern.de\/wp-content\/uploads\/2022\/04\/finanzierung.jpg","width":640,"height":320},{"@type":"WebPage","@id":"https:\/\/autogalerie-bayern.de\/index.php\/finanzierung\/#webpage","url":"https:\/\/autogalerie-bayern.de\/index.php\/finanzierung\/","name":"Finanzierung - Autogalerie Bayern","isPartOf":{"@id":"https:\/\/autogalerie-bayern.de\/#website"},"primaryImageOfPage":{"@id":"https:\/\/autogalerie-bayern.de\/index.php\/finanzierung\/#primaryimage"},"datePublished":"2022-04-10T15:06:44+00:00","dateModified":"2022-04-10T15:27:41+00:00","breadcrumb":{"@id":"https:\/\/autogalerie-bayern.de\/index.php\/finanzierung\/#breadcrumb"},"inLanguage":"en-US","potentialAction":[{"@type":"ReadAction","target":["https:\/\/autogalerie-bayern.de\/index.php\/finanzierung\/"]}]},{"@type":"BreadcrumbList","@id":"https:\/\/autogalerie-bayern.de\/index.php\/finanzierung\/#breadcrumb","itemListElement":[{"@type":"ListItem","position":1,"name":"Home","item":"https:\/\/autogalerie-bayern.de\/"},{"@type":"ListItem","position":2,"name":"Finanzierung"}]}]}},"acf":[],"_links":{"self":[{"href":"https:\/\/autogalerie-bayern.de\/index.php\/wp-json\/wp\/v2\/pages\/12556","targetHints":{"allow":["GET"]}}],"collection":[{"href":"https:\/\/autogalerie-bayern.de\/index.php\/wp-json\/wp\/v2\/pages"}],"about":[{"href":"https:\/\/autogalerie-bayern.de\/index.php\/wp-json\/wp\/v2\/types\/page"}],"author":[{"embeddable":true,"href":"https:\/\/autogalerie-bayern.de\/index.php\/wp-json\/wp\/v2\/users\/1"}],"replies":[{"embeddable":true,"href":"https:\/\/autogalerie-bayern.de\/index.php\/wp-json\/wp\/v2\/comments?post=12556"}],"version-history":[{"count":22,"href":"https:\/\/autogalerie-bayern.de\/index.php\/wp-json\/wp\/v2\/pages\/12556\/revisions"}],"predecessor-version":[{"id":12582,"href":"https:\/\/autogalerie-bayern.de\/index.php\/wp-json\/wp\/v2\/pages\/12556\/revisions\/12582"}],"wp:attachment":[{"href":"https:\/\/autogalerie-bayern.de\/index.php\/wp-json\/wp\/v2\/media?parent=12556"}],"curies":[{"name":"wp","href":"https:\/\/api.w.org\/{rel}","templated":true}]}}