{"id":10834,"date":"2021-06-30T10:55:09","date_gmt":"2021-06-30T10:55:09","guid":{"rendered":"https:\/\/localhost\/cardealer\/?page_id=10834"},"modified":"2023-05-29T20:46:29","modified_gmt":"2023-05-29T20:46:29","slug":"kontakt","status":"publish","type":"page","link":"https:\/\/autogalerie-bayern.de\/index.php\/kontakt\/","title":{"rendered":"Kontakt"},"content":{"rendered":"\t\t<div data-elementor-type=\"wp-page\" data-elementor-id=\"10834\" class=\"elementor elementor-10834\">\n\t\t\t\t\t\t\t\t\t<section class=\"elementor-section elementor-top-section elementor-element elementor-element-7336 elementor-section-stretched elementor-section-boxed elementor-section-height-default elementor-section-height-default\" data-id=\"7336\" data-element_type=\"section\" data-settings=\"{&quot;stretch_section&quot;:&quot;section-stretched&quot;}\">\n\t\t\t\t\t\t<div class=\"elementor-container elementor-column-gap-default\">\n\t\t\t\t\t<div class=\"elementor-column elementor-col-100 elementor-top-column elementor-element elementor-element-2cd1\" data-id=\"2cd1\" data-element_type=\"column\">\n\t\t\t<div class=\"elementor-widget-wrap elementor-element-populated\">\n\t\t\t\t\t\t\t\t<section class=\"elementor-section elementor-inner-section elementor-element elementor-element-52e3 elementor-section-boxed elementor-section-height-default elementor-section-height-default\" data-id=\"52e3\" data-element_type=\"section\">\n\t\t\t\t\t\t<div class=\"elementor-container elementor-column-gap-default\">\n\t\t\t\t\t<div class=\"elementor-column elementor-col-100 elementor-inner-column elementor-element elementor-element-3b12\" data-id=\"3b12\" data-element_type=\"column\">\n\t\t\t<div class=\"elementor-widget-wrap\">\n\t\t\t\t\t\t\t\t\t<\/div>\n\t\t<\/div>\n\t\t\t\t\t\t\t<\/div>\n\t\t<\/section>\n\t\t\t\t<section class=\"elementor-section elementor-inner-section elementor-element elementor-element-2ff8 elementor-section-boxed elementor-section-height-default elementor-section-height-default\" data-id=\"2ff8\" data-element_type=\"section\">\n\t\t\t\t\t\t<div class=\"elementor-container elementor-column-gap-default\">\n\t\t\t\t\t<div class=\"elementor-column elementor-col-25 elementor-inner-column elementor-element elementor-element-2399\" data-id=\"2399\" data-element_type=\"column\">\n\t\t\t<div class=\"elementor-widget-wrap elementor-element-populated\">\n\t\t\t\t\t\t\t\t<div class=\"elementor-element elementor-element-24e0 elementor-widget elementor-widget-cdhl_feature-box\" data-id=\"24e0\" data-element_type=\"widget\" data-widget_type=\"cdhl_feature-box.default\">\n\t\t\t\t<div class=\"elementor-widget-container\">\n\t\t\t<div class=\"cdhl_feature-box_wrapper\">\n\t<div class=\"style-4 default-feature box-hover no-image feature-box\" id=\"cd_feature_box_24e0\" >\n\t\t\t\t<div class=\"icon\">\n\t\t\t<i aria-hidden=\"true\" class=\"fas fa-map-marker-alt\"><\/i>\t\t<\/div>\n\t\t<div class=\"content\">\n\t\t\t<a >\n\t\t\t\t<h6>Addresse<\/h6>\t\t\t<\/a>\n\t\t\t<p>Benno-Strau\u00df-Stra\u00dfe 3, 90768 F\u00fcrth, Deutschland<\/p>\t\t<\/div>\n\t<\/div>\n<\/div>\n\t\t<\/div>\n\t\t\t\t<\/div>\n\t\t\t\t\t<\/div>\n\t\t<\/div>\n\t\t\t\t<div class=\"elementor-column elementor-col-25 elementor-inner-column elementor-element elementor-element-3a3f\" data-id=\"3a3f\" data-element_type=\"column\">\n\t\t\t<div class=\"elementor-widget-wrap elementor-element-populated\">\n\t\t\t\t\t\t\t\t<div class=\"elementor-element elementor-element-765e elementor-widget elementor-widget-cdhl_feature-box\" data-id=\"765e\" data-element_type=\"widget\" data-widget_type=\"cdhl_feature-box.default\">\n\t\t\t\t<div class=\"elementor-widget-container\">\n\t\t\t<div class=\"cdhl_feature-box_wrapper\">\n\t<div class=\"style-4 default-feature box-hover no-image feature-box\" id=\"cd_feature_box_765e\" >\n\t\t\t\t<div class=\"icon\">\n\t\t\t<i aria-hidden=\"true\" class=\"fas fa-phone\"><\/i>\t\t<\/div>\n\t\t<div class=\"content\">\n\t\t\t<a >\n\t\t\t\t<h6>Telefon<\/h6>\t\t\t<\/a>\n\t\t\t<p>+49 (0)911 62147180\n<\/p>\t\t<\/div>\n\t<\/div>\n<\/div>\n\t\t<\/div>\n\t\t\t\t<\/div>\n\t\t\t\t\t<\/div>\n\t\t<\/div>\n\t\t\t\t<div class=\"elementor-column elementor-col-25 elementor-inner-column elementor-element elementor-element-6055\" data-id=\"6055\" data-element_type=\"column\">\n\t\t\t<div class=\"elementor-widget-wrap elementor-element-populated\">\n\t\t\t\t\t\t\t\t<div class=\"elementor-element elementor-element-2f0c elementor-widget elementor-widget-cdhl_feature-box\" data-id=\"2f0c\" data-element_type=\"widget\" data-widget_type=\"cdhl_feature-box.default\">\n\t\t\t\t<div class=\"elementor-widget-container\">\n\t\t\t<div class=\"cdhl_feature-box_wrapper\">\n\t<div class=\"style-4 default-feature box-hover no-image feature-box\" id=\"cd_feature_box_2f0c\" >\n\t\t\t\t<div class=\"icon\">\n\t\t\t<i aria-hidden=\"true\" class=\"fas fa-envelope\"><\/i>\t\t<\/div>\n\t\t<div class=\"content\">\n\t\t\t<a >\n\t\t\t\t<h6>Email<\/h6>\t\t\t<\/a>\n\t\t\t<p>kontakt@autogalerie-bayern.de<\/p>\t\t<\/div>\n\t<\/div>\n<\/div>\n\t\t<\/div>\n\t\t\t\t<\/div>\n\t\t\t\t\t<\/div>\n\t\t<\/div>\n\t\t\t\t<div class=\"elementor-column elementor-col-25 elementor-inner-column elementor-element elementor-element-3b5b\" data-id=\"3b5b\" data-element_type=\"column\">\n\t\t\t<div class=\"elementor-widget-wrap elementor-element-populated\">\n\t\t\t\t\t\t\t\t<div class=\"elementor-element elementor-element-1a6a elementor-widget elementor-widget-cdhl_feature-box\" data-id=\"1a6a\" data-element_type=\"widget\" data-widget_type=\"cdhl_feature-box.default\">\n\t\t\t\t<div class=\"elementor-widget-container\">\n\t\t\t<div class=\"cdhl_feature-box_wrapper\">\n\t<div class=\"style-4 default-feature box-hover no-image feature-box\" id=\"cd_feature_box_1a6a\" >\n\t\t\t\t<div class=\"icon\">\n\t\t\t<i aria-hidden=\"true\" class=\"fas fa-fax\"><\/i>\t\t<\/div>\n\t\t<div class=\"content\">\n\t\t\t<a >\n\t\t\t\t<h6>Fax<\/h6>\t\t\t<\/a>\n\t\t\t<p>+49 (0)911 62147180<\/p>\t\t<\/div>\n\t<\/div>\n<\/div>\n\t\t<\/div>\n\t\t\t\t<\/div>\n\t\t\t\t\t<\/div>\n\t\t<\/div>\n\t\t\t\t\t\t\t<\/div>\n\t\t<\/section>\n\t\t\t\t\t<\/div>\n\t\t<\/div>\n\t\t\t\t\t\t\t<\/div>\n\t\t<\/section>\n\t\t\t\t<section class=\"elementor-section elementor-top-section elementor-element elementor-element-31b0bfd elementor-section-boxed elementor-section-height-default elementor-section-height-default\" data-id=\"31b0bfd\" data-element_type=\"section\">\n\t\t\t\t\t\t<div class=\"elementor-container elementor-column-gap-default\">\n\t\t\t\t\t<div class=\"elementor-column elementor-col-66 elementor-top-column elementor-element elementor-element-6d75701\" data-id=\"6d75701\" data-element_type=\"column\">\n\t\t\t<div class=\"elementor-widget-wrap elementor-element-populated\">\n\t\t\t\t\t\t\t\t<div class=\"elementor-element elementor-element-f96bc13 elementor-widget elementor-widget-cdhl_image-slider\" data-id=\"f96bc13\" data-element_type=\"widget\" data-widget_type=\"cdhl_image-slider.default\">\n\t\t\t\t<div class=\"elementor-widget-container\">\n\t\t\t<div class=\"cdhl_image-slider_wrapper\">\n\t<div class=\"owl-carousel\" data-nav-arrow=\"false\" data-nav-dots=\"false\" data-autoplay=\"false\" data-lazyload=\"\" data-loop=\"false\" data-items=\"1\" data-md-items=\"1\" data-sm-items=\"1\" data-xs-items=\"1\" >\n\t\t\t\t\t<div class=\"item\">\n\t\t\t\t\t\t\t\t\t<img decoding=\"async\" class=\"center-block\" src=\"https:\/\/autogalerie-bayern.de\/wp-content\/uploads\/2023\/05\/mapsabf.jpg\" alt=\"\">\n\t\t\t\t\t\t\t\t<\/div>\n\t\t\t\t<\/div>\n<\/div>\n\t\t<\/div>\n\t\t\t\t<\/div>\n\t\t\t\t\t<\/div>\n\t\t<\/div>\n\t\t\t\t<div class=\"elementor-column elementor-col-33 elementor-top-column elementor-element elementor-element-54f68c9\" data-id=\"54f68c9\" data-element_type=\"column\">\n\t\t\t<div class=\"elementor-widget-wrap elementor-element-populated\">\n\t\t\t\t\t\t\t\t<div class=\"elementor-element elementor-element-4d67c14 elementor-widget elementor-widget-heading\" data-id=\"4d67c14\" data-element_type=\"widget\" data-widget_type=\"heading.default\">\n\t\t\t\t<div class=\"elementor-widget-container\">\n\t\t\t<style>\/*! elementor - v3.6.2 - 04-04-2022 *\/\n.elementor-heading-title{padding:0;margin:0;line-height:1}.elementor-widget-heading .elementor-heading-title[class*=elementor-size-]>a{color:inherit;font-size:inherit;line-height:inherit}.elementor-widget-heading .elementor-heading-title.elementor-size-small{font-size:15px}.elementor-widget-heading .elementor-heading-title.elementor-size-medium{font-size:19px}.elementor-widget-heading .elementor-heading-title.elementor-size-large{font-size:29px}.elementor-widget-heading .elementor-heading-title.elementor-size-xl{font-size:39px}.elementor-widget-heading .elementor-heading-title.elementor-size-xxl{font-size:59px}<\/style><h5 class=\"elementor-heading-title elementor-size-default\">\u00d6ffnungszeiten\n<\/h5>\t\t<\/div>\n\t\t\t\t<\/div>\n\t\t\t\t<div class=\"elementor-element elementor-element-02c7b85 elementor-widget elementor-widget-spacer\" data-id=\"02c7b85\" data-element_type=\"widget\" data-widget_type=\"spacer.default\">\n\t\t\t\t<div class=\"elementor-widget-container\">\n\t\t\t<style>\/*! elementor - v3.6.2 - 04-04-2022 *\/\n.e-container.e-container--row .elementor-spacer-inner{width:var(--spacer-size)}.e-container.e-container--column .elementor-spacer-inner,.elementor-column .elementor-spacer-inner{height:var(--spacer-size)}<\/style>\t\t<div class=\"elementor-spacer\">\n\t\t\t<div class=\"elementor-spacer-inner\"><\/div>\n\t\t<\/div>\n\t\t\t\t<\/div>\n\t\t\t\t<\/div>\n\t\t\t\t<div class=\"elementor-element elementor-element-33dcd12 elementor-widget elementor-widget-image\" data-id=\"33dcd12\" data-element_type=\"widget\" data-widget_type=\"image.default\">\n\t\t\t\t<div class=\"elementor-widget-container\">\n\t\t\t<style>\/*! elementor - v3.6.2 - 04-04-2022 *\/\n.elementor-widget-image{text-align:center}.elementor-widget-image a{display:inline-block}.elementor-widget-image a img[src$=\".svg\"]{width:48px}.elementor-widget-image img{vertical-align:middle;display:inline-block}<\/style>\t\t\t\t\t\t\t\t\t\t\t\t<img loading=\"lazy\" decoding=\"async\" width=\"300\" height=\"204\" src=\"https:\/\/autogalerie-bayern.de\/wp-content\/uploads\/2022\/04\/offnungz-4-300x204.png\" class=\"attachment-medium size-medium\" alt=\"\" srcset=\"https:\/\/autogalerie-bayern.de\/wp-content\/uploads\/2022\/04\/offnungz-4-300x204.png 300w, https:\/\/autogalerie-bayern.de\/wp-content\/uploads\/2022\/04\/offnungz-4.png 368w\" sizes=\"auto, (max-width: 300px) 100vw, 300px\" \/>\t\t\t\t\t\t\t\t\t\t\t\t\t\t\t<\/div>\n\t\t\t\t<\/div>\n\t\t\t\t\t<\/div>\n\t\t<\/div>\n\t\t\t\t\t\t\t<\/div>\n\t\t<\/section>\n\t\t\t\t<section class=\"elementor-section elementor-top-section elementor-element elementor-element-87d65d7 elementor-section-boxed elementor-section-height-default elementor-section-height-default\" data-id=\"87d65d7\" data-element_type=\"section\">\n\t\t\t\t\t\t<div class=\"elementor-container elementor-column-gap-default\">\n\t\t\t\t\t<div class=\"elementor-column elementor-col-100 elementor-top-column elementor-element elementor-element-ce589ca\" data-id=\"ce589ca\" data-element_type=\"column\">\n\t\t\t<div class=\"elementor-widget-wrap elementor-element-populated\">\n\t\t\t\t\t\t\t\t<div class=\"elementor-element elementor-element-0247abe elementor-widget__width-initial elementor-widget elementor-widget-google_maps\" data-id=\"0247abe\" data-element_type=\"widget\" data-widget_type=\"google_maps.default\">\n\t\t\t\t<div class=\"elementor-widget-container\">\n\t\t\t<style>\/*! elementor - v3.6.2 - 04-04-2022 *\/\n.elementor-widget-google_maps .elementor-widget-container{overflow:hidden}.elementor-widget-google_maps iframe{height:300px}<\/style>\t\t<div class=\"elementor-custom-embed\">\n\t\t\t<iframe frameborder=\"0\" scrolling=\"no\" marginheight=\"0\" marginwidth=\"0\"\n\t\t\t\t\tsrc=\"https:\/\/maps.google.com\/maps?q=Benno-Strau%C3%9F-Stra%C3%9Fe%203%2C%2090768%20F%C3%BCrth%2C%20Deutschland&#038;t=m&#038;z=16&#038;output=embed&#038;iwloc=near\"\n\t\t\t\t\ttitle=\"Benno-Strau\u00df-Stra\u00dfe 3, 90768 F\u00fcrth, Deutschland\"\n\t\t\t\t\taria-label=\"Benno-Strau\u00df-Stra\u00dfe 3, 90768 F\u00fcrth, Deutschland\"\n\t\t\t><\/iframe>\n\t\t<\/div>\n\t\t\t\t<\/div>\n\t\t\t\t<\/div>\n\t\t\t\t\t<\/div>\n\t\t<\/div>\n\t\t\t\t\t\t\t<\/div>\n\t\t<\/section>\n\t\t\t\t\t\t\t<\/div>\n\t\t","protected":false},"excerpt":{"rendered":"<p>Addresse Benno-Strau\u00df-Stra\u00dfe 3, 90768 F\u00fcrth, Deutschland Telefon +49 (0)911 62147180 Email kontakt@autogalerie-bayern.de Fax +49 (0)911 62147180 \u00d6ffnungszeiten<\/p>\n","protected":false},"author":1,"featured_media":0,"parent":0,"menu_order":0,"comment_status":"closed","ping_status":"closed","template":"templates\/cadealer-elementor-full-width.php","meta":{"footnotes":""},"class_list":["post-10834","page","type-page","status-publish","hentry"],"yoast_head":"<!-- This site is optimized with the Yoast SEO plugin v18.5.1 - https:\/\/yoast.com\/wordpress\/plugins\/seo\/ -->\n<title>Kontakt - Autogalerie Bayern<\/title>\n<meta name=\"robots\" content=\"noindex, follow, max-snippet:-1, max-image-preview:large, max-video-preview:-1\" \/>\n<meta property=\"og:locale\" content=\"en_US\" \/>\n<meta property=\"og:type\" content=\"article\" \/>\n<meta property=\"og:title\" content=\"Kontakt - Autogalerie Bayern\" \/>\n<meta property=\"og:description\" content=\"Addresse Benno-Strau\u00df-Stra\u00dfe 3, 90768 F\u00fcrth, Deutschland Telefon +49 (0)911 62147180 Email kontakt@autogalerie-bayern.de Fax +49 (0)911 62147180 \u00d6ffnungszeiten\" \/>\n<meta property=\"og:url\" content=\"https:\/\/autogalerie-bayern.de\/index.php\/kontakt\/\" \/>\n<meta property=\"og:site_name\" content=\"Autogalerie Bayern\" \/>\n<meta property=\"article:modified_time\" content=\"2023-05-29T20:46:29+00:00\" \/>\n<meta property=\"og:image\" content=\"https:\/\/autogalerie-bayern.de\/wp-content\/uploads\/2023\/05\/mapsabf.jpg\" \/>\n<meta name=\"twitter:card\" content=\"summary_large_image\" \/>\n<meta name=\"twitter:label1\" content=\"Est. reading time\" \/>\n\t<meta name=\"twitter:data1\" content=\"1 minute\" \/>\n<script type=\"application\/ld+json\" class=\"yoast-schema-graph\">{\"@context\":\"https:\/\/schema.org\",\"@graph\":[{\"@type\":\"WebSite\",\"@id\":\"https:\/\/autogalerie-bayern.de\/#website\",\"url\":\"https:\/\/autogalerie-bayern.de\/\",\"name\":\"Autogalerie Bayern\",\"description\":\"\",\"potentialAction\":[{\"@type\":\"SearchAction\",\"target\":{\"@type\":\"EntryPoint\",\"urlTemplate\":\"https:\/\/autogalerie-bayern.de\/?s={search_term_string}\"},\"query-input\":\"required name=search_term_string\"}],\"inLanguage\":\"en-US\"},{\"@type\":\"ImageObject\",\"@id\":\"https:\/\/autogalerie-bayern.de\/index.php\/kontakt\/#primaryimage\",\"inLanguage\":\"en-US\",\"url\":\"https:\/\/autogalerie-bayern.de\/wp-content\/uploads\/2023\/05\/mapsabf.jpg\",\"contentUrl\":\"https:\/\/autogalerie-bayern.de\/wp-content\/uploads\/2023\/05\/mapsabf.jpg\",\"width\":1179,\"height\":648},{\"@type\":\"WebPage\",\"@id\":\"https:\/\/autogalerie-bayern.de\/index.php\/kontakt\/#webpage\",\"url\":\"https:\/\/autogalerie-bayern.de\/index.php\/kontakt\/\",\"name\":\"Kontakt - Autogalerie Bayern\",\"isPartOf\":{\"@id\":\"https:\/\/autogalerie-bayern.de\/#website\"},\"primaryImageOfPage\":{\"@id\":\"https:\/\/autogalerie-bayern.de\/index.php\/kontakt\/#primaryimage\"},\"datePublished\":\"2021-06-30T10:55:09+00:00\",\"dateModified\":\"2023-05-29T20:46:29+00:00\",\"breadcrumb\":{\"@id\":\"https:\/\/autogalerie-bayern.de\/index.php\/kontakt\/#breadcrumb\"},\"inLanguage\":\"en-US\",\"potentialAction\":[{\"@type\":\"ReadAction\",\"target\":[\"https:\/\/autogalerie-bayern.de\/index.php\/kontakt\/\"]}]},{\"@type\":\"BreadcrumbList\",\"@id\":\"https:\/\/autogalerie-bayern.de\/index.php\/kontakt\/#breadcrumb\",\"itemListElement\":[{\"@type\":\"ListItem\",\"position\":1,\"name\":\"Home\",\"item\":\"https:\/\/autogalerie-bayern.de\/\"},{\"@type\":\"ListItem\",\"position\":2,\"name\":\"Kontakt\"}]}]}<\/script>\n<!-- \/ Yoast SEO plugin. -->","yoast_head_json":{"title":"Kontakt - Autogalerie Bayern","robots":{"index":"noindex","follow":"follow","max-snippet":"max-snippet:-1","max-image-preview":"max-image-preview:large","max-video-preview":"max-video-preview:-1"},"og_locale":"en_US","og_type":"article","og_title":"Kontakt - Autogalerie Bayern","og_description":"Addresse Benno-Strau\u00df-Stra\u00dfe 3, 90768 F\u00fcrth, Deutschland Telefon +49 (0)911 62147180 Email kontakt@autogalerie-bayern.de Fax +49 (0)911 62147180 \u00d6ffnungszeiten","og_url":"https:\/\/autogalerie-bayern.de\/index.php\/kontakt\/","og_site_name":"Autogalerie Bayern","article_modified_time":"2023-05-29T20:46:29+00:00","og_image":[{"url":"https:\/\/autogalerie-bayern.de\/wp-content\/uploads\/2023\/05\/mapsabf.jpg"}],"twitter_card":"summary_large_image","twitter_misc":{"Est. reading time":"1 minute"},"schema":{"@context":"https:\/\/schema.org","@graph":[{"@type":"WebSite","@id":"https:\/\/autogalerie-bayern.de\/#website","url":"https:\/\/autogalerie-bayern.de\/","name":"Autogalerie Bayern","description":"","potentialAction":[{"@type":"SearchAction","target":{"@type":"EntryPoint","urlTemplate":"https:\/\/autogalerie-bayern.de\/?s={search_term_string}"},"query-input":"required name=search_term_string"}],"inLanguage":"en-US"},{"@type":"ImageObject","@id":"https:\/\/autogalerie-bayern.de\/index.php\/kontakt\/#primaryimage","inLanguage":"en-US","url":"https:\/\/autogalerie-bayern.de\/wp-content\/uploads\/2023\/05\/mapsabf.jpg","contentUrl":"https:\/\/autogalerie-bayern.de\/wp-content\/uploads\/2023\/05\/mapsabf.jpg","width":1179,"height":648},{"@type":"WebPage","@id":"https:\/\/autogalerie-bayern.de\/index.php\/kontakt\/#webpage","url":"https:\/\/autogalerie-bayern.de\/index.php\/kontakt\/","name":"Kontakt - Autogalerie Bayern","isPartOf":{"@id":"https:\/\/autogalerie-bayern.de\/#website"},"primaryImageOfPage":{"@id":"https:\/\/autogalerie-bayern.de\/index.php\/kontakt\/#primaryimage"},"datePublished":"2021-06-30T10:55:09+00:00","dateModified":"2023-05-29T20:46:29+00:00","breadcrumb":{"@id":"https:\/\/autogalerie-bayern.de\/index.php\/kontakt\/#breadcrumb"},"inLanguage":"en-US","potentialAction":[{"@type":"ReadAction","target":["https:\/\/autogalerie-bayern.de\/index.php\/kontakt\/"]}]},{"@type":"BreadcrumbList","@id":"https:\/\/autogalerie-bayern.de\/index.php\/kontakt\/#breadcrumb","itemListElement":[{"@type":"ListItem","position":1,"name":"Home","item":"https:\/\/autogalerie-bayern.de\/"},{"@type":"ListItem","position":2,"name":"Kontakt"}]}]}},"acf":[],"_links":{"self":[{"href":"https:\/\/autogalerie-bayern.de\/index.php\/wp-json\/wp\/v2\/pages\/10834","targetHints":{"allow":["GET"]}}],"collection":[{"href":"https:\/\/autogalerie-bayern.de\/index.php\/wp-json\/wp\/v2\/pages"}],"about":[{"href":"https:\/\/autogalerie-bayern.de\/index.php\/wp-json\/wp\/v2\/types\/page"}],"author":[{"embeddable":true,"href":"https:\/\/autogalerie-bayern.de\/index.php\/wp-json\/wp\/v2\/users\/1"}],"replies":[{"embeddable":true,"href":"https:\/\/autogalerie-bayern.de\/index.php\/wp-json\/wp\/v2\/comments?post=10834"}],"version-history":[{"count":190,"href":"https:\/\/autogalerie-bayern.de\/index.php\/wp-json\/wp\/v2\/pages\/10834\/revisions"}],"predecessor-version":[{"id":12720,"href":"https:\/\/autogalerie-bayern.de\/index.php\/wp-json\/wp\/v2\/pages\/10834\/revisions\/12720"}],"wp:attachment":[{"href":"https:\/\/autogalerie-bayern.de\/index.php\/wp-json\/wp\/v2\/media?parent=10834"}],"curies":[{"name":"wp","href":"https:\/\/api.w.org\/{rel}","templated":true}]}}