{"id":10802,"date":"2021-06-30T10:32:50","date_gmt":"2021-06-30T10:32:50","guid":{"rendered":"https:\/\/localhost\/cardealer\/?page_id=10802"},"modified":"2024-05-05T14:32:55","modified_gmt":"2024-05-05T14:32:55","slug":"impressum","status":"publish","type":"page","link":"https:\/\/autogalerie-bayern.de\/index.php\/impressum\/","title":{"rendered":"Impressum"},"content":{"rendered":"\t\t<div data-elementor-type=\"wp-page\" data-elementor-id=\"10802\" class=\"elementor elementor-10802\">\n\t\t\t\t\t\t\t\t\t<section class=\"elementor-section elementor-top-section elementor-element elementor-element-2ead elementor-section-boxed elementor-section-height-default elementor-section-height-default\" data-id=\"2ead\" data-element_type=\"section\">\n\t\t\t\t\t\t<div class=\"elementor-container elementor-column-gap-default\">\n\t\t\t\t\t<div class=\"elementor-column elementor-col-100 elementor-top-column elementor-element elementor-element-5fc4\" data-id=\"5fc4\" data-element_type=\"column\">\n\t\t\t<div class=\"elementor-widget-wrap elementor-element-populated\">\n\t\t\t\t\t\t\t\t<div class=\"elementor-element elementor-element-6c32 elementor-widget elementor-widget-cdhl_section-title\" data-id=\"6c32\" data-element_type=\"widget\" data-widget_type=\"cdhl_section-title.default\">\n\t\t\t\t<div class=\"elementor-widget-container\">\n\t\t\t<div class=\"cdhl_section-title_wrapper\">\n\t<div class=\"section-title text-center style_1\" id=\"6c32\">\n\t\t\t<span class=\"sub-title\"><\/span>\n\t\t<h2 class=\"main-title\">\n\t\t\t \t\t<\/h2>\n\t\t\t\t\t<div class=\"separator\"><\/div>\n\t\t\t\t<\/div>\n<\/div>\n\t\t<\/div>\n\t\t\t\t<\/div>\n\t\t\t\t<div class=\"elementor-element elementor-element-7d83 elementor-widget elementor-widget-text-editor\" data-id=\"7d83\" data-element_type=\"widget\" data-widget_type=\"text-editor.default\">\n\t\t\t\t<div class=\"elementor-widget-container\">\n\t\t\t<style>\/*! elementor - v3.6.2 - 04-04-2022 *\/\n.elementor-widget-text-editor.elementor-drop-cap-view-stacked .elementor-drop-cap{background-color:#818a91;color:#fff}.elementor-widget-text-editor.elementor-drop-cap-view-framed .elementor-drop-cap{color:#818a91;border:3px solid;background-color:transparent}.elementor-widget-text-editor:not(.elementor-drop-cap-view-default) .elementor-drop-cap{margin-top:8px}.elementor-widget-text-editor:not(.elementor-drop-cap-view-default) .elementor-drop-cap-letter{width:1em;height:1em}.elementor-widget-text-editor .elementor-drop-cap{float:left;text-align:center;line-height:1;font-size:50px}.elementor-widget-text-editor .elementor-drop-cap-letter{display:inline-block}<\/style>\t\t\t\t<p><span style=\"text-decoration: underline;\"><strong>Autogalerie Bayern<\/strong><\/span><\/p><p>Addresse: Benno-Strau\u00df-Stra\u00dfe 3, 90768 F\u00fcrth, Deutschland<\/p><p><span style=\"text-decoration: underline;\"><strong>Kontakt<\/strong><\/span><\/p><p>Tel: +49 (0)911 62147180<\/p><p>Tel: +49 (0)911 6214715<\/p><p>Fax: +49 (0)911 62147180<\/p><p>Mobiltelefon: +49 (0)176 63345794<\/p><p>email: kontakt@autogalerie-bayern.de<\/p><p><span style=\"text-decoration: underline;\"><strong>\u00a0<\/strong><\/span><\/p>\t\t\t\t\t\t<\/div>\n\t\t\t\t<\/div>\n\t\t\t\t<div class=\"elementor-element elementor-element-b00 elementor-widget elementor-widget-text-editor\" data-id=\"b00\" data-element_type=\"widget\" data-widget_type=\"text-editor.default\">\n\t\t\t\t<div class=\"elementor-widget-container\">\n\t\t\t\t\t\t\t<p><span style=\"text-decoration: underline;\"><strong>Hinwei\u00df gem\u00e4\u00df ODR &#8211; Verodnung<\/strong><\/span><\/p><p>Plattform der EU zur au\u00dfergerichtlichen OnlineS treitbeilegung:<a href=\"http:\/\/ec.europa.eu\/consumers\/odr\/\" target=\"_new\">http:\/\/ec.europa.eu\/consumers\/odr\/<\/a><\/p>\t\t\t\t\t\t<\/div>\n\t\t\t\t<\/div>\n\t\t\t\t<div class=\"elementor-element elementor-element-5f39 elementor-widget elementor-widget-text-editor\" data-id=\"5f39\" data-element_type=\"widget\" data-widget_type=\"text-editor.default\">\n\t\t\t\t<div class=\"elementor-widget-container\">\n\t\t\t\t\t\t\t<p><span style=\"text-decoration: underline;\"><strong>Haftung f\u00fcr Links<\/strong><\/span><\/p><p>Unsere Webseite enth\u00e4lt Links zu externen Webseiten Dritter, auf deren Inhalte wir keinen Einfluss haben. Deshalb k\u00f6nnen wir f\u00fcr diese fremden Inhalte auch keine Gew\u00e4hr \u00fcbernehmen. F\u00fcr die Inhalte der verlinkten Seiten ist stets der jeweilige Anbieter oder Betreiber der Seiten verantwortlich. Die verlinkten Seiten wurden zum Zeitpunkt der Verlinkung auf m\u00f6gliche Rechtsverst\u00f6\u00dfe \u00fcberpr\u00fcft. Rechtswidrige Inhalte waren zum Zeitpunkt der Verlinkung nicht erkennbar. Eine permanente inhaltliche Kontrolle der verlinkten Seiten ist jedoch ohne konkrete Anhaltspunkte einer Rechtsverletzung nicht zumutbar. Bei Bekanntwerden von Rechtsverletzungen werden wir derartige Links umgehend entfernen.<\/p><p>\u00a0<\/p>\t\t\t\t\t\t<\/div>\n\t\t\t\t<\/div>\n\t\t\t\t<div class=\"elementor-element elementor-element-197e elementor-widget elementor-widget-text-editor\" data-id=\"197e\" data-element_type=\"widget\" data-widget_type=\"text-editor.default\">\n\t\t\t\t<div class=\"elementor-widget-container\">\n\t\t\t\t\t\t\t<p><span style=\"text-decoration: underline;\"><strong>Urheberrecht<\/strong><\/span><\/p><p>Die Vervielf\u00e4ltigung, Bearbeitung, Verbreitung und jede Art der Verwertung au\u00dferhalb der Grenzen des Urheberrechtes bed\u00fcrfen der schriftlichen Zustimmung des jeweiligen Autors bzw. Erstellers. Downloads und Kopien dieser Seite sind nur f\u00fcr den privaten, nicht kommerziellen Gebrauch gestattet. Die durch die Seitenbetreiber erstellten Inhalte und Werke auf diesen Seiten unterliegen dem deutschen Urheberrecht. Soweit die Inhalte auf dieser Seite nicht vom Betreiber erstellt wurden, werden die Urheberrechte Dritter beachtet. Insbesondere werden Inhalte Dritter als solche gekennzeichnet. Sollten Sie trotzdem auf eine Urheberrechtsverletzung aufmerksam werden, bitten wir um einen entsprechenden Hinweis. Bei Bekanntwerden von Rechtsverletzungen werden wir derartige Inhalte umgehend entfernen.<\/p>\t\t\t\t\t\t<\/div>\n\t\t\t\t<\/div>\n\t\t\t\t\t<\/div>\n\t\t<\/div>\n\t\t\t\t\t\t\t<\/div>\n\t\t<\/section>\n\t\t\t\t\t\t\t<\/div>\n\t\t","protected":false},"excerpt":{"rendered":"<p>Autogalerie Bayern Addresse: Benno-Strau\u00df-Stra\u00dfe 3, 90768 F\u00fcrth, Deutschland Kontakt Tel: +49 (0)911 62147180 Tel: +49 (0)911 6214715 Fax: +49 (0)911 62147180 Mobiltelefon: +49 (0)176 63345794 email: kontakt@autogalerie-bayern.de \u00a0 Hinwei\u00df gem\u00e4\u00df ODR &#8211; Verodnung Plattform der EU zur au\u00dfergerichtlichen OnlineS treitbeilegung:http:\/\/ec.europa.eu\/consumers\/odr\/ Haftung f\u00fcr Links Unsere Webseite enth\u00e4lt Links zu externen Webseiten Dritter, auf deren Inhalte wir [&hellip;]<\/p>\n","protected":false},"author":1,"featured_media":0,"parent":0,"menu_order":0,"comment_status":"closed","ping_status":"closed","template":"templates\/cadealer-elementor-full-width.php","meta":{"footnotes":""},"class_list":["post-10802","page","type-page","status-publish","hentry"],"yoast_head":"<!-- This site is optimized with the Yoast SEO plugin v18.5.1 - https:\/\/yoast.com\/wordpress\/plugins\/seo\/ -->\n<title>Impressum - Autogalerie Bayern<\/title>\n<meta name=\"robots\" content=\"noindex, follow, max-snippet:-1, max-image-preview:large, max-video-preview:-1\" \/>\n<meta property=\"og:locale\" content=\"en_US\" \/>\n<meta property=\"og:type\" content=\"article\" \/>\n<meta property=\"og:title\" content=\"Impressum - Autogalerie Bayern\" \/>\n<meta property=\"og:description\" content=\"Autogalerie Bayern Addresse: Benno-Strau\u00df-Stra\u00dfe 3, 90768 F\u00fcrth, Deutschland Kontakt Tel: +49 (0)911 62147180 Tel: +49 (0)911 6214715 Fax: +49 (0)911 62147180 Mobiltelefon: +49 (0)176 63345794 email: kontakt@autogalerie-bayern.de \u00a0 Hinwei\u00df gem\u00e4\u00df ODR &#8211; Verodnung Plattform der EU zur au\u00dfergerichtlichen OnlineS treitbeilegung:http:\/\/ec.europa.eu\/consumers\/odr\/ Haftung f\u00fcr Links Unsere Webseite enth\u00e4lt Links zu externen Webseiten Dritter, auf deren Inhalte wir [&hellip;]\" \/>\n<meta property=\"og:url\" content=\"https:\/\/autogalerie-bayern.de\/index.php\/impressum\/\" \/>\n<meta property=\"og:site_name\" content=\"Autogalerie Bayern\" \/>\n<meta property=\"article:modified_time\" content=\"2024-05-05T14:32:55+00:00\" \/>\n<meta name=\"twitter:card\" content=\"summary_large_image\" \/>\n<meta name=\"twitter:label1\" content=\"Est. reading time\" \/>\n\t<meta name=\"twitter:data1\" content=\"2 minutes\" \/>\n<script type=\"application\/ld+json\" class=\"yoast-schema-graph\">{\"@context\":\"https:\/\/schema.org\",\"@graph\":[{\"@type\":\"WebSite\",\"@id\":\"https:\/\/autogalerie-bayern.de\/#website\",\"url\":\"https:\/\/autogalerie-bayern.de\/\",\"name\":\"Autogalerie Bayern\",\"description\":\"\",\"potentialAction\":[{\"@type\":\"SearchAction\",\"target\":{\"@type\":\"EntryPoint\",\"urlTemplate\":\"https:\/\/autogalerie-bayern.de\/?s={search_term_string}\"},\"query-input\":\"required name=search_term_string\"}],\"inLanguage\":\"en-US\"},{\"@type\":\"WebPage\",\"@id\":\"https:\/\/autogalerie-bayern.de\/index.php\/impressum\/#webpage\",\"url\":\"https:\/\/autogalerie-bayern.de\/index.php\/impressum\/\",\"name\":\"Impressum - Autogalerie Bayern\",\"isPartOf\":{\"@id\":\"https:\/\/autogalerie-bayern.de\/#website\"},\"datePublished\":\"2021-06-30T10:32:50+00:00\",\"dateModified\":\"2024-05-05T14:32:55+00:00\",\"breadcrumb\":{\"@id\":\"https:\/\/autogalerie-bayern.de\/index.php\/impressum\/#breadcrumb\"},\"inLanguage\":\"en-US\",\"potentialAction\":[{\"@type\":\"ReadAction\",\"target\":[\"https:\/\/autogalerie-bayern.de\/index.php\/impressum\/\"]}]},{\"@type\":\"BreadcrumbList\",\"@id\":\"https:\/\/autogalerie-bayern.de\/index.php\/impressum\/#breadcrumb\",\"itemListElement\":[{\"@type\":\"ListItem\",\"position\":1,\"name\":\"Home\",\"item\":\"https:\/\/autogalerie-bayern.de\/\"},{\"@type\":\"ListItem\",\"position\":2,\"name\":\"Impressum\"}]}]}<\/script>\n<!-- \/ Yoast SEO plugin. -->","yoast_head_json":{"title":"Impressum - Autogalerie Bayern","robots":{"index":"noindex","follow":"follow","max-snippet":"max-snippet:-1","max-image-preview":"max-image-preview:large","max-video-preview":"max-video-preview:-1"},"og_locale":"en_US","og_type":"article","og_title":"Impressum - Autogalerie Bayern","og_description":"Autogalerie Bayern Addresse: Benno-Strau\u00df-Stra\u00dfe 3, 90768 F\u00fcrth, Deutschland Kontakt Tel: +49 (0)911 62147180 Tel: +49 (0)911 6214715 Fax: +49 (0)911 62147180 Mobiltelefon: +49 (0)176 63345794 email: kontakt@autogalerie-bayern.de \u00a0 Hinwei\u00df gem\u00e4\u00df ODR &#8211; Verodnung Plattform der EU zur au\u00dfergerichtlichen OnlineS treitbeilegung:http:\/\/ec.europa.eu\/consumers\/odr\/ Haftung f\u00fcr Links Unsere Webseite enth\u00e4lt Links zu externen Webseiten Dritter, auf deren Inhalte wir [&hellip;]","og_url":"https:\/\/autogalerie-bayern.de\/index.php\/impressum\/","og_site_name":"Autogalerie Bayern","article_modified_time":"2024-05-05T14:32:55+00:00","twitter_card":"summary_large_image","twitter_misc":{"Est. reading time":"2 minutes"},"schema":{"@context":"https:\/\/schema.org","@graph":[{"@type":"WebSite","@id":"https:\/\/autogalerie-bayern.de\/#website","url":"https:\/\/autogalerie-bayern.de\/","name":"Autogalerie Bayern","description":"","potentialAction":[{"@type":"SearchAction","target":{"@type":"EntryPoint","urlTemplate":"https:\/\/autogalerie-bayern.de\/?s={search_term_string}"},"query-input":"required name=search_term_string"}],"inLanguage":"en-US"},{"@type":"WebPage","@id":"https:\/\/autogalerie-bayern.de\/index.php\/impressum\/#webpage","url":"https:\/\/autogalerie-bayern.de\/index.php\/impressum\/","name":"Impressum - Autogalerie Bayern","isPartOf":{"@id":"https:\/\/autogalerie-bayern.de\/#website"},"datePublished":"2021-06-30T10:32:50+00:00","dateModified":"2024-05-05T14:32:55+00:00","breadcrumb":{"@id":"https:\/\/autogalerie-bayern.de\/index.php\/impressum\/#breadcrumb"},"inLanguage":"en-US","potentialAction":[{"@type":"ReadAction","target":["https:\/\/autogalerie-bayern.de\/index.php\/impressum\/"]}]},{"@type":"BreadcrumbList","@id":"https:\/\/autogalerie-bayern.de\/index.php\/impressum\/#breadcrumb","itemListElement":[{"@type":"ListItem","position":1,"name":"Home","item":"https:\/\/autogalerie-bayern.de\/"},{"@type":"ListItem","position":2,"name":"Impressum"}]}]}},"acf":[],"_links":{"self":[{"href":"https:\/\/autogalerie-bayern.de\/index.php\/wp-json\/wp\/v2\/pages\/10802","targetHints":{"allow":["GET"]}}],"collection":[{"href":"https:\/\/autogalerie-bayern.de\/index.php\/wp-json\/wp\/v2\/pages"}],"about":[{"href":"https:\/\/autogalerie-bayern.de\/index.php\/wp-json\/wp\/v2\/types\/page"}],"author":[{"embeddable":true,"href":"https:\/\/autogalerie-bayern.de\/index.php\/wp-json\/wp\/v2\/users\/1"}],"replies":[{"embeddable":true,"href":"https:\/\/autogalerie-bayern.de\/index.php\/wp-json\/wp\/v2\/comments?post=10802"}],"version-history":[{"count":10,"href":"https:\/\/autogalerie-bayern.de\/index.php\/wp-json\/wp\/v2\/pages\/10802\/revisions"}],"predecessor-version":[{"id":12724,"href":"https:\/\/autogalerie-bayern.de\/index.php\/wp-json\/wp\/v2\/pages\/10802\/revisions\/12724"}],"wp:attachment":[{"href":"https:\/\/autogalerie-bayern.de\/index.php\/wp-json\/wp\/v2\/media?parent=10802"}],"curies":[{"name":"wp","href":"https:\/\/api.w.org\/{rel}","templated":true}]}}